{"id":1515,"date":"2021-12-09T14:13:19","date_gmt":"2021-12-09T13:13:19","guid":{"rendered":"http:\/\/www.landrea.net\/?page_id=1515"},"modified":"2021-12-09T14:17:07","modified_gmt":"2021-12-09T13:17:07","slug":"ressource-74","status":"publish","type":"page","link":"https:\/\/www.landrea.net\/index.php\/ressource-74\/","title":{"rendered":"Ville de Rimouski"},"content":{"rendered":"<p class=\"K-Titre-Centre\">Ville de Rimouski<\/p>\n<div class=\"K-Image-Droite\"><a href=\"http:\/\/www.landrea.net\/index.php\/lukasa\/\"><img loading=\"lazy\" decoding=\"async\" src=\"http:\/\/www.landrea.net\/wp-content\/uploads\/2021\/12\/Lukasa-00-Origine-210x300.png\" alt=\"\" width=\"210\" height=\"300\" \/><\/a>Retour au Lukasa<\/div>\n<div class=\"K-Image-Centre\"><img loading=\"lazy\" decoding=\"async\" src=\"http:\/\/www.landrea.net\/wp-content\/uploads\/2021\/12\/Lukasa-74-Image-300x127.png\" alt=\"\" width=\"300\" height=\"127\" \/>\n<\/div>\n<div style=\"width:100%; \">\n<p class=\"K-Texte-Centre K-Texte\">Jean Kabuta Mtajamajina Fils-du-Lwalaba<br \/>\nCelui-qui-nomme-les-choses-et-les-concepts<br \/>\nCelui-qui-nomme-les-humains-et-leurs-actions<br \/>\nOn m\u2019appelle aussi Jandhi dans ma nouvelle vie<br \/>\nJe vous salue amis et amies ! Bienvenue \u00e0 vous !<\/p>\n<p class=\"K-Texte-Centre K-Texte\">J\u2019ai r\u00e9cemment \u00e9lu domicile \u00e0 Rimouski-la-Belle<br \/>\nCr\u00e9\u00e9e en 1696 par Ren\u00e9 Lepage de Sainte-Claire<br \/>\nEt situ\u00e9e dans l\u2019estuaire du Fleuve Saint-Laurent<br \/>\nQui relie les 5 Grands Lacs \u00e0 l\u2019Oc\u00e9an Atlantique<br \/>\nEt qu\u2019alimentent des affluents en grand nombre<br \/>\nDont l\u2019Outaouais la Saguenay et la Rimouski<\/p>\n<p class=\"K-Texte-Centre K-Texte\">Je vis combl\u00e9 dans cette Am\u00e9rique du nord<br \/>\n\u00c0 la population constitu\u00e9e d\u2019Autochtones<br \/>\nEt de nouveaux arrivants en provenance<br \/>\nDe l\u2019est de l\u2019ouest du sud et d\u2019ailleurs<br \/>\nArriv\u00e9s avec des h\u00e9ritages multiples<br \/>\nJ\u2019adore ce bel espace arc-en-ciel<br \/>\nO\u00f9 nul ne peut dire \u00e0 un autre :<br \/>\n<span style=\"font-style:italic;\">Fous le camp chez toi !<br \/>\nT\u2019es pas chez toi ici !<\/span><\/p>\n<p class=\"K-Texte-Centre K-Texte\">Entre autres on trouve \u00e0 Rimouski<br \/>\n<span style=\"font-style:italic;\">Demeure-du-Chien<\/span> ou <span style=\"font-style:italic;\">Terre-de-l\u2019Orignal<\/span><br \/>\nPlus d\u2019une merveille touchant \u00e0 la science et \u00e0 la po\u00e9sie :<\/p>\n<p class=\"K-Texte-Centre K-Texte\">L\u2019UQAR ou Universit\u00e9 du Qu\u00e9bec \u00e0 Rimouski foyer du savoir<br \/>\nL\u2019IMQ ou Institut maritime du Qu\u00e9bec \u00e9cole des sp\u00e9cialit\u00e9s navales<br \/>\nLa Cath\u00e9drale Saint-Germain de Rimouski lieu de culte h\u00e9las d\u00e9saffect\u00e9<br \/>\nL\u2019\u00c9KAR ou \u00c9cole du kas\u00e0l\u00e0 de Rimouski qui est le Temple du kas\u00e0l\u00e0<br \/>\nLe parc du Bic le parc Beaus\u00e9jour les \u0153uvres de Langevin des sentiers<br \/>\nEt des couchers du soleil \u00e0 couper le souffle qui embrasent l\u2019horizon<\/p>\n<p class=\"K-Texte-Centre K-Texte\">On trouve aussi \u00e0 Rimouski l\u2019impressionnant <span style=\"font-style:italic;\">Chemin-qui-marche<\/span><br \/>\nQue les riverains appellent <span style=\"font-style:italic;\">La Mer<\/span> Immense-miroir-du-firmament<br \/>\nO\u00f9 se mirent \u00e9blouissants les habitants c\u00e9lestes et leurs myst\u00e8res<br \/>\nSans parler de l\u2019Oie blanche migratrice de l\u2019\u00e9l\u00e9gant grand H\u00e9ron<br \/>\nDe la Bernache du Canada et de tant d\u2019autres esp\u00e8ces de vivants<\/p>\n<p class=\"K-Texte-Centre K-Texte\">La cath\u00e9drale de Rimouski qu\u2019il vous faut visiter<br \/>\nDepuis le Brise-lame le Littoral ou le Rocher-Blanc<br \/>\nDepuis la Promenade la Marina ou l\u2019\u00cele Saint-Barnab\u00e9<br \/>\nC\u2019est celle-l\u00e0 ! C\u2019est cette Mer vaste et habit\u00e9e !<br \/>\nC\u2019est ce sublime qu\u2019il vous faut admirer<br \/>\n\u00c0 mar\u00e9e basse ou \u00e0 mar\u00e9e haute !<\/p>\n<p class=\"K-Texte-Centre K-Texte\">Ah je comprends \u00e0 pr\u00e9sent pourquoi les peuples d\u2019Afrique<br \/>\nConstamment connect\u00e9s \u00e0 l\u2019invisible n\u2019ont pas perdu leur temps<br \/>\n\u00c0 \u00e9riger des b\u00e2tisses gigantesques pour capturer pour emprisonner<br \/>\nLa Poti\u00e8re-Primordiale que les uns appellent Leza Brahman ou Allah<br \/>\nD\u2019autres Imana ou Dieu et qu\u2019aucun nom ne peut r\u00e9ellement nommer !<br \/>\nJe comprends qu\u2019avant d\u2019\u00eatre ferm\u00e9s ces lieux ont toujours \u00e9t\u00e9 vides !<\/p>\n<p class=\"K-Texte-Centre K-Texte\">Rimouski m\u2019appara\u00eet chaque jour comme serait Kamina ma ville natale<br \/>\nApr\u00e8s un si\u00e8cle peut-\u00eatre deux am\u00e9nag\u00e9e \u00e9quip\u00e9e c\u2019est-\u00e0-dire modernis\u00e9e<br \/>\nEncore que pour la vie palpitante des rues habit\u00e9es pour la chaleur humaine<br \/>\nPour les odeurs savoureuses les sauces \u00e9pic\u00e9es et color\u00e9es et autres d\u00e9lices<br \/>\nL\u2019Afrique qui c\u00e9l\u00e8bre la vie en d\u00e9pit des d\u00e9fis sans nombre soit sans \u00e9gale !<br \/>\nRimouski et moi on s\u2019est apprivois\u00e9s et je m\u2019y sens parfaitement chez nous<\/p>\n<p class=\"K-Texte-Centre K-Texte\">Ici je suis entr\u00e9 dans l\u2019inconcevable apr\u00e8s m\u2019\u00eatre lib\u00e9r\u00e9 de mon ancienne vie<br \/>\nCar un jour las de l\u2019absence de sens j\u2019ai r\u00e9pondu au signe de la Grande-main<br \/>\nQui m\u2019avait fait signe une ou deux fois d\u00e9j\u00e0 sans que je n\u2019y pr\u00eate attention<\/p>\n<p class=\"K-Texte-Centre K-Texte\">Elle m\u2019invitait au voyage dans des contr\u00e9es dont je n\u2019avais aucune id\u00e9e<br \/>\nJ\u2019ai dit sans h\u00e9siter un seul instant : <span style=\"font-style:italic;\">Oui je consens J\u2019abandonne tout !<\/span><br \/>\nJ\u2019ai pris la route et je suis arriv\u00e9 \u00e0 Rimouski    Et l\u00e0 j\u2019ai pris mon envol !<\/p>\n<\/div>\n","protected":false},"excerpt":{"rendered":"<p>Ville de Rimouski Retour au Lukasa Jean Kabuta Mtajamajina Fils-du-Lwalaba Celui-qui-nomme-les-choses-et-les-concepts Celui-qui-nomme-les-humains-et-leurs-actions On m\u2019appelle aussi Jandhi dans ma nouvelle vie Je vous salue amis et amies ! Bienvenue \u00e0 vous ! J\u2019ai r\u00e9cemment \u00e9lu domicile \u00e0 Rimouski-la-Belle Cr\u00e9\u00e9e en 1696 par Ren\u00e9 Lepage de Sainte-Claire Et situ\u00e9e dans l\u2019estuaire du Fleuve Saint-Laurent Qui relie les &hellip; <\/p>\n<p class=\"link-more\"><a href=\"https:\/\/www.landrea.net\/index.php\/ressource-74\/\" class=\"more-link\">Continuer la lecture<span class=\"screen-reader-text\"> de &laquo;&nbsp;Ville de Rimouski&nbsp;&raquo;<\/span><\/a><\/p>\n","protected":false},"author":1,"featured_media":0,"parent":0,"menu_order":0,"comment_status":"closed","ping_status":"closed","template":"","meta":{"spay_email":"","footnotes":""},"class_list":["post-1515","page","type-page","status-publish","hentry"],"_links":{"self":[{"href":"https:\/\/www.landrea.net\/index.php\/wp-json\/wp\/v2\/pages\/1515","targetHints":{"allow":["GET"]}}],"collection":[{"href":"https:\/\/www.landrea.net\/index.php\/wp-json\/wp\/v2\/pages"}],"about":[{"href":"https:\/\/www.landrea.net\/index.php\/wp-json\/wp\/v2\/types\/page"}],"author":[{"embeddable":true,"href":"https:\/\/www.landrea.net\/index.php\/wp-json\/wp\/v2\/users\/1"}],"replies":[{"embeddable":true,"href":"https:\/\/www.landrea.net\/index.php\/wp-json\/wp\/v2\/comments?post=1515"}],"version-history":[{"count":5,"href":"https:\/\/www.landrea.net\/index.php\/wp-json\/wp\/v2\/pages\/1515\/revisions"}],"predecessor-version":[{"id":1520,"href":"https:\/\/www.landrea.net\/index.php\/wp-json\/wp\/v2\/pages\/1515\/revisions\/1520"}],"wp:attachment":[{"href":"https:\/\/www.landrea.net\/index.php\/wp-json\/wp\/v2\/media?parent=1515"}],"curies":[{"name":"wp","href":"https:\/\/api.w.org\/{rel}","templated":true}]}}