{"id":1492,"date":"2021-12-09T12:44:46","date_gmt":"2021-12-09T11:44:46","guid":{"rendered":"http:\/\/www.landrea.net\/?page_id=1492"},"modified":"2021-12-09T12:46:37","modified_gmt":"2021-12-09T11:46:37","slug":"ressource-69","status":"publish","type":"page","link":"https:\/\/www.landrea.net\/index.php\/ressource-69\/","title":{"rendered":"Pens\u00e9es et perspectives africaines"},"content":{"rendered":"<p class=\"K-Titre-Centre\">Pens\u00e9es et perspectives africaines<\/p>\n<div class=\"K-Image-Origine\"><a href=\"http:\/\/www.landrea.net\/index.php\/lukasa\/\"><img loading=\"lazy\" decoding=\"async\" src=\"http:\/\/www.landrea.net\/wp-content\/uploads\/2021\/12\/Lukasa-00-Origine-210x300.png\" alt=\"\" width=\"210\" height=\"300\" \/><\/a>Retour au Lukasa<\/div>\n<div style=\"width:100%; \">\n<p class=\"K-Texte-Gauche K-Texte\">Entre xxx et xxx, j\u2019ai dirig\u00e9 aux Editions Interuniversitaires Peter Lang une collection intitul\u00e9e \u00ab\u00a0Pens\u00e9es et perspectives africaines\u00a0\u00bb, dans laquelle une dizaine de titres ont \u00e9t\u00e9 publi\u00e9s.<\/p>\n<\/div>\n","protected":false},"excerpt":{"rendered":"<p>Pens\u00e9es et perspectives africaines Retour au Lukasa Entre xxx et xxx, j\u2019ai dirig\u00e9 aux Editions Interuniversitaires Peter Lang une collection intitul\u00e9e \u00ab\u00a0Pens\u00e9es et perspectives africaines\u00a0\u00bb, dans laquelle une dizaine de titres ont \u00e9t\u00e9 publi\u00e9s.<\/p>\n","protected":false},"author":1,"featured_media":0,"parent":0,"menu_order":0,"comment_status":"closed","ping_status":"closed","template":"","meta":{"spay_email":"","footnotes":""},"class_list":["post-1492","page","type-page","status-publish","hentry"],"_links":{"self":[{"href":"https:\/\/www.landrea.net\/index.php\/wp-json\/wp\/v2\/pages\/1492","targetHints":{"allow":["GET"]}}],"collection":[{"href":"https:\/\/www.landrea.net\/index.php\/wp-json\/wp\/v2\/pages"}],"about":[{"href":"https:\/\/www.landrea.net\/index.php\/wp-json\/wp\/v2\/types\/page"}],"author":[{"embeddable":true,"href":"https:\/\/www.landrea.net\/index.php\/wp-json\/wp\/v2\/users\/1"}],"replies":[{"embeddable":true,"href":"https:\/\/www.landrea.net\/index.php\/wp-json\/wp\/v2\/comments?post=1492"}],"version-history":[{"count":1,"href":"https:\/\/www.landrea.net\/index.php\/wp-json\/wp\/v2\/pages\/1492\/revisions"}],"predecessor-version":[{"id":1493,"href":"https:\/\/www.landrea.net\/index.php\/wp-json\/wp\/v2\/pages\/1492\/revisions\/1493"}],"wp:attachment":[{"href":"https:\/\/www.landrea.net\/index.php\/wp-json\/wp\/v2\/media?parent=1492"}],"curies":[{"name":"wp","href":"https:\/\/api.w.org\/{rel}","templated":true}]}}