{"id":1479,"date":"2021-12-09T10:47:23","date_gmt":"2021-12-09T09:47:23","guid":{"rendered":"http:\/\/www.landrea.net\/?page_id=1479"},"modified":"2021-12-09T10:48:13","modified_gmt":"2021-12-09T09:48:13","slug":"ressource-66","status":"publish","type":"page","link":"https:\/\/www.landrea.net\/index.php\/ressource-66\/","title":{"rendered":"Je suis Luk\u00e0s\u00e0"},"content":{"rendered":"<p class=\"K-Titre-Centre\">Je suis Luk\u00e0s\u00e0<\/p>\n<div class=\"K-Image-Droite\"><a href=\"http:\/\/www.landrea.net\/index.php\/lukasa\/\"><img loading=\"lazy\" decoding=\"async\" src=\"http:\/\/www.landrea.net\/wp-content\/uploads\/2021\/12\/Lukasa-00-Origine-210x300.png\" alt=\"\" width=\"210\" height=\"300\" \/><\/a>Retour au Lukasa<\/div>\n<div class=\"K-Image-Centre\"><img loading=\"lazy\" decoding=\"async\" src=\"http:\/\/www.landrea.net\/wp-content\/uploads\/2021\/12\/Lukasa-66-Image-188x300.png\" alt=\"\" width=\"188\" height=\"300\" \/>\n<\/div>\n<div style=\"width:100%; \">\n<p class=\"K-Texte-Centre K-Texte\">Aide-m\u00e9moire je suis Parole-r\u00e9v\u00e9latrice     et Parole-action<br \/>\nJe me fais volontiers    luk\u00e0s\u00e0 contemporain inspir\u00e9 des bambudye<br \/>\nJe suis autobiographie po\u00e9tique    je dis la vie dans ses tours et d\u00e9tours<br \/>\nDans ses interconnexions    avec les \u00eatres la terre les astres les anc\u00eatres<br \/>\nEt je raconte le r\u00e9cit \u00e9pique    de la personne ce joyaux de la cr\u00e9ation<br \/>\nVoyez donc le luk\u00e0s\u00e0    de Michelle Dyett-Welcome la Redress\u00e9e<br \/>\nSolennel festif d\u00e9coratif     orn\u00e9 de bijoux de fleurs et de rires<br \/>\nVoyez aussi le luk\u00e0s\u00e0 lumineux    d\u2019Andr\u00e9e D\u00e9ry la R\u00e9solue<br \/>\nQui nous r\u00e9v\u00e8le de grands espaces    parsem\u00e9s de cl\u00e9s<\/p>\n<\/div>\n<p class=\"K-Titre-Centre\" style=\"margin-top:4vw;\" >LUK\u00c0S\u00c0 CONTEMPORAIN<br \/>\nOU LUKAS\u00c0L\u00c0<\/p>\n<div>\n<p class=\"K-Texte-Centre K-Texte\">Aide-m\u00e9moire     ou plus exactement Luk\u00e0s\u00e0 contemporain<br \/>\nJe suis originaire     de la R\u00e9publique d\u00e9mocratique du Congo<br \/>\nAu c\u0153ur de l\u2019Afrique    l\u00e0 o\u00f9 poussent le cuivre le cobalt l\u2019uranium<br \/>\nAinsi que mille autres minerais pr\u00e9cieux     sans parler d\u2019aliments vari\u00e9s<br \/>\nOfferts en abondance     par la Terre-M\u00e8re-et-P\u00e8re alli\u00e9e au Soleil \u00e0 l\u2019Air<br \/>\nAlli\u00e9e au Lwalaba majestueux     parmi mille cours d\u2019eau qui dansent<br \/>\nLa RDC c\u2019est le champ priv\u00e9 d\u2019Imana     Le Cultivateur-Supr\u00eame<br \/>\nQu\u2019on appelle aussi Sh\u00e0\u00e0kap\u00e0ng\u00e0     Celui-qui-cr\u00e9e-sans-cesse<br \/>\nLa RDC est pill\u00e9e sans piti\u00e9   par des hordes d\u2019envahisseurs<\/p>\n<p class=\"K-Texte-Centre K-Texte\">Je proviens des discrets Bambudye    initi\u00e9s qui se rencontrent en loge<br \/>\nPour proposer les solutions appropri\u00e9es     aux conflits dans la soci\u00e9t\u00e9<br \/>\nPour contr\u00f4ler le pouvoir du roi     et assurer diverses responsabilit\u00e9s<\/p>\n<p class=\"K-Texte-Centre K-Texte\">Voici l\u2019\u00e9pop\u00e9e de Kabuta B\u00eany\u00ec    dit Monfr\u00e8re dit Jandhi<br \/>\nFils de Kambal\u00e0 Cik\u00e8ng\u00e8l\u00e8     autrement dit Colon Fils-du-lion<br \/>\nEt de Ndaay\u00e0 Luf\u00f9lw\u00e0b\u00f2    qu\u2019on appelle Maam\u00e0 S\u00e2l\u00e0 Mw\u00e2Kabuta<br \/>\nPetit-fils de Cimbu Mw\u00e2Kab\u00e0mb\u00e0     et de Luf\u00f9lw\u00e0b\u00f2 Simon le Taciturne<br \/>\nPetit-fils de Citenga Nt\u00e2mbw\u00e0      et de Nt\u00f9mb\u00e0 C\u00ecbaad\u00eck\u00f2ng\u00f9<br \/>\nQui vivaient \u00e0 Kap\u00e0l\u00e0 au mont Nnyemvw\u00e0   le pays des Ndoba<br \/>\nGrand-fr\u00e8re    de Bora Mishika Esther l\u2019Attentive l\u2019Inoubliable<br \/>\nDe Nd\u00e0\u00e0y\u00e0 Andr\u00e9 de Nt\u00f9mb\u00e0 M\u00f9t\u00e2nd\u00e0    et de Kambal\u00e0 Oscar<br \/>\nGrand-fr\u00e8re de nombreux autres      s\u0153urs et fr\u00e8res vigoureux<br \/>\nNeveu s\u00e9questr\u00e9    de Ma\u00eetre Paul Camplimbar l\u2019Interlocuteur<\/p>\n<p class=\"K-Texte-Centre K-Texte\">Il naquit par miracle \u00e0 Kamina   d\u2019une femme qu\u2019on disait st\u00e9rile<br \/>\nQui faillit d\u2019ailleurs mourir en couches     pour que lui puisse vivre<br \/>\nPreuve pour les m\u00e9disants   qu\u2019elle n\u2019\u00e9tait pas faite pour \u00eatre m\u00e8re<\/p>\n<p class=\"K-Texte-Centre K-Texte\">Il avait \u00e0 peine go\u00fbt\u00e9 au lait maternel     que sa m\u00e8re fut r\u00e9pudi\u00e9e<br \/>\nIl fut malmen\u00e9 depuis le berceau     par une mar\u00e2tre apr\u00e8s l\u2019autre<br \/>\nEst-ce \u00e9tonnant qu\u2019on l\u2019ait surnomm\u00e9        B\u00eany\u00ec ou l\u2019\u00c9tranger\u00a0?<\/p>\n<p class=\"K-Texte-Centre K-Texte\">Devenu fils spirituel    du P\u00e8re Guido Haazen le Ma\u00eetre de chant<br \/>\nPar les hasards de la vie intelligente    qui le mit sur le bon chemin<br \/>\nIl sut s\u2019\u00e9chapper et vola dans les airs     jusqu\u2019\u00e0 l\u2019autre c\u00f4t\u00e9 du globe<br \/>\nIl devint le fils adoptif choy\u00e9   de Jacques et Jos\u00e9phine Haazen-Derickx<br \/>\nDes \u00eatres remplis de bont\u00e9      qui vivaient \u00e0 Anvers au bord de l\u2019Escaut<br \/>\nEt avaient une seule fille     du nom de Jeanne \u00e9pouse de Frank Zwijsen<br \/>\nDes \u00eatres hospitaliers et compatissants      qui surent essuyer les larmes<br \/>\nEt \u00e9tancher la soif      du jeune Kabuta l\u2019enfant d\u2019Afrique trop t\u00f4t sevr\u00e9<br \/>\nSon adolescence fut nourrie    de voyages d\u2019\u00e9tude de musique d\u2019amour<\/p>\n<p class=\"K-Texte-Centre K-Texte\">Il devint \u00e9l\u00e8ve-et-disciple b\u00e9ni    de Paul Colmant le Math\u00e9maticien<br \/>\nIl devint fr\u00e8re et ami de Jacques Mulongo    yogi et futur m\u00e9decin<br \/>\nIniti\u00e9 \u00e0 diverses pens\u00e9es\u00a0:   l\u2019occidentale l\u2019orientale et l\u2019africaine<br \/>\nIl cr\u00e9a lui-m\u00eame une pens\u00e9e originale\u00a0:   le kas\u00e0l\u00e0 contemporain<\/p>\n<p class=\"K-Texte-Centre K-Texte\">Mari\u00e9 par inadvertance     il eut une heureuse surprise et devint<br \/>\nP\u00e8re de Nt\u00f9mb\u00e0 C\u00ecbaad\u00eck\u00f2ng\u00f9 l\u2019Esth\u00e8te   qui vit \u00e0 Duba\u00ef l\u2019\u00c9lue<br \/>\nDe Ndaay\u00e0 Mw\u00e2Kabuta    la Pers\u00e9v\u00e9rante M\u00e8re de Noah et Soan<br \/>\nDe Lel\u00e0\u00e0y\u00ec Mbiiy\u00e8   fine Avocate et M\u00e8re de Zo\u00e9 M\u00e8re de Sacha<br \/>\nJean Kabuta Auteur-de-lukas\u00e0l\u00e0-et-de-kaslam    donna aussi la vie<br \/>\n\u00c0 Kambal\u00e0 Ngalula Sola Mandela     Artiste de la table et du palais<\/p>\n<p class=\"K-Texte-Centre K-Texte\">\u00c9migrant qui \u00e9migra depuis l\u2019invisible    vers la plan\u00e8te Terre en Afrique<br \/>\nPuis de l\u2019Afrique devenue hostile    \u00e0 l\u2019Europe chaleureuse et accueillante<br \/>\nPuis de l\u2019Europe ancienne colonisatrice    vers l\u2019Am\u00e9rique nouveau monde<br \/>\nEn attendant la 4\u00e8me et ultime \u00e9migration    vers l\u2019invisible d\u2019o\u00f9 il \u00e9tait issu<br \/>\nKabuta est all\u00e9 d\u2019initiation en initiation     avant de devenir le compagnon<br \/>\nL\u2019\u00e9poux bien veill\u00e9 de Jeanne-Marie Rugira     la Grande et Noble Dame<br \/>\nFille a\u00een\u00e9e de Christiane Mujawingoma      et d\u2019Amandin Rugira le Sage<br \/>\nM\u00e8re de Marie-Ange Niwemugeni    et de Yannick Shimwa le Rieur<\/p>\n<p class=\"K-Texte-Centre K-Texte\">Comment mentionner      tous les \u00eatres chers li\u00e9s \u00e0 Jean Kabuta<br \/>\nFr\u00e8re des gens d\u2019Afrique    d\u2019Europe d\u2019Am\u00e9rique et d\u2019ailleurs<br \/>\nFr\u00e8re de plantes et d\u2019animaux    \u00e9parpill\u00e9s sur toute la terre<br \/>\nJe ne saurais les mentionner tous    tant ils sont nombreux<\/p>\n<p class=\"K-Texte-Centre K-Texte\">Comment me pr\u00e9senter moi-m\u00eame     en quelques mots ?<br \/>\nComme tout \u00eatre vivant      je suis tellement complexe\u00a0!<br \/>\nIl y a les choses qu\u2019on voit     et celles qu\u2019on ne voit pas<br \/>\nIl y a les choses qu\u2019on sait     et celles qu\u2019on ne sait pas<br \/>\nJe suis fait de fragments d\u2019histoire   d\u2019images et d\u2019id\u00e9es<br \/>\nDe symboles et autres signes     qui m\u00e8nent \u00e0 la lumi\u00e8re<br \/>\nQui m\u00e8nent \u00e0 l\u2019\u00e9veil      me donnant acc\u00e8s \u00e0 moi-m\u00eame<br \/>\nEt provoquant des r\u00eaves      o\u00f9 je vole parmi les oiseaux<\/p>\n<p class=\"K-Texte-Centre K-Texte\">Je me refl\u00e8te dans ma totalit\u00e9    dans un luk\u00e0s\u00e0 minuscule<br \/>\nComme le firmament entier    se refl\u00e8te dans la mer bleue<br \/>\nComme il se refl\u00e8te m\u00eame      dans une goutte de ros\u00e9e<\/p>\n<p class=\"K-Texte-Centre K-Texte\">Je suis le Ph\u00e9nom\u00e9nal    Celui-qui-se-voit-s\u2019observant<br \/>\nSupport de connaissances    parent du mut\u00e1nga<br \/>\nQue l\u2019on appelle aussi     corde \u00e0 proverbes<br \/>\nJe suis loyal Aide-m\u00e9moire   pour l\u2019initi\u00e9<br \/>\nLe Voyant    qui lit les livres ferm\u00e9s<\/p>\n<p class=\"K-Texte-Centre K-Texte\">Des pans entiers de mes entrailles    ont suscit\u00e9 des kas\u00e0l\u00e0s fleuris<br \/>\nPour dire leur force et leur beaut\u00e9    leurs r\u00eaves et leurs promesses<\/p>\n<p class=\"K-Texte-Centre K-Texte\">Me traverse     un long fleuve sinueux et multiforme<br \/>\nIci c\u2019est le Nil bicolore   n\u00e9 dans les lacs Victoria et Tana<br \/>\nQui se d\u00e9verse dans la M\u00e9diterran\u00e9e    au nord de l\u2019\u00c9gypte<br \/>\nLe Nil rendit possible     l\u2019essor de la civilisation \u00e9gyptienne<br \/>\nL\u00e0-bas c\u2019est le beau Lwalaba   n\u00e9 dans le grand rift est-africain<br \/>\nQui baigne l\u2019immense RDC    et se jette dans l\u2019oc\u00e9an Atlantique<br \/>\nPlus au nord c\u2019est la Meuse   qui accueillit Kabuta pendant 50 ans<br \/>\nDepuis bient\u00f4t dix ans     c\u2019est le Saint-Laurent havre de h\u00e9rons<br \/>\nIssu des Grands-Lacs    qui s\u00e9parent les \u00c9tats-Unis du Canada<br \/>\nCe fleuve rejoint l\u2019Atlantique    en passant par Rimouski<br \/>\nL\u00e0 o\u00f9 se dresse    l\u2019\u00e9cole du kas\u00e0l\u00e0 contemporain<\/p>\n<p class=\"K-Texte-Centre K-Texte\">Le fleuve m\u00e9andreux relie    les diff\u00e9rents secteurs de mon \u00eatre<br \/>\nC\u2019est le syst\u00e8me nerveux    qui irrigue l\u2019ensemble de l\u2019organisme<br \/>\nC\u2019est la longue corde ferm\u00e9e d\u2019un c\u00f4t\u00e9    et ouverte de l\u2019autre c\u00f4t\u00e9<br \/>\nO\u00f9 s\u2019enfilent sans cesse    de nouveaux \u00e9v\u00e9nements et exp\u00e9riences<br \/>\nElle exprime la complexit\u00e9 le myst\u00e8re     de la trajectoire humaine<br \/>\nQui me conduit toujours au bon endroit   quand je suis \u00e0 l\u2019\u00e9coute<br \/>\nC\u2019est enfin le chemin \u00e9troit    qui veut qu\u2019on se mette \u00e0 l\u2019\u00e9cart<br \/>\nPour que l\u2019autre puisse passer     pour qu\u2019il puisse appara\u00eetre<\/p>\n<p class=\"K-Texte-Centre K-Texte\">Je raconte tant\u00f4t tout droit     tant\u00f4t par des d\u00e9tours<br \/>\nMa propre histoire    comme l\u2019histoire de celles et ceux<br \/>\nQui ont s\u00e9journ\u00e9 avant moi   sur la plan\u00e8te M\u00e8re-et-P\u00e8re<br \/>\nRiche en air en mers en min\u00e9raux    favorables \u00e0 la vie<\/p>\n<p class=\"K-Texte-Centre K-Texte\">Je raconte ma propre histoire    qui change sans arr\u00eat<br \/>\n\u00c0 travers toponymes    et anthroponymes renforc\u00e9s<\/p>\n<p class=\"K-Texte-Centre K-Texte\">Associant concepts    images et symboles expressifs<br \/>\nQui \u00e9voquent tout ce envers quoi    j\u2019ai de la gratitude<br \/>\nQui \u00e9voquent tout ce \u00e0 quoi je suis reli\u00e9   et qui fait sens<\/p>\n<p class=\"K-Texte-Centre K-Texte\">Notre Terre qui regorge de ressources     c\u2019est le c\u0153ur<br \/>\nEt les poumons    qui insufflent de la vie \u00e0 chaque cellule<br \/>\nC\u2019est le support solide et rassurant    de toute la structure<\/p>\n<p class=\"K-Texte-Centre K-Texte\">Pour cette raison arr\u00eatez-vous un instant    pour \u00e9couter<br \/>\nL\u2019Hommage \u00e0 la Terre    \u0153uvre d\u2019un po\u00e8te de Rimouski<br \/>\nNomm\u00e9 Jandhi l\u2019\u00c9migr\u00e9    l\u2019Inspirateur venu d\u2019ailleurs<br \/>\nLe Nommeur    qui nomme ad\u00e9quatement le R\u00e9el<\/p>\n<p class=\"K-Texte-Centre K-Texte\">Luk\u00e0s\u00e0 contemporain    je suis en m\u00eame temps<br \/>\nPlanche \u00e0 proverbes     planche \u00e0 symboles<br \/>\nPlanche \u00e0 citations     et planche \u00e0 po\u00e9sie<br \/>\nJe renvoie l\u2019\u00eatre   au plus intime de soi<br \/>\nEt lui r\u00e9v\u00e8le   l\u2019inviolable qu\u2019il porte<br \/>\nEt qui r\u00e9siste    aux intemp\u00e9ries<\/p>\n<p class=\"K-Texte-Centre K-Texte\">\u00c0 son fils a\u00een\u00e9     \u00e0 qui le destin avait r\u00e9serv\u00e9 un destin sp\u00e9cial<br \/>\nNdaay\u00e0 la Clairvoyante    donna le nom pr\u00e9monitoire de Kabuta<br \/>\nOiseau cr\u00e9pusculaire membre de la grande famille   des Caprimulgid\u00e9s<br \/>\nAux pattes courtes certes   mais aux doigts puissants munis d\u2019ongles ac\u00e9r\u00e9s<br \/>\nCeux-qui-chassent-la-nuit    Ceux-qui-veillent-pendant-que-d\u2019autres-dorment<br \/>\nOiseaux discrets au vol silencieux aux grands yeux   les Caprimulgid\u00e9s excellent<br \/>\nPar leur diversit\u00e9\u00a0:    Engoulevent-lyre des Andes Engoulevent-\u00e0-tra\u00eene du Br\u00e9sil<br \/>\nEngoulevent-porte-\u00e9tendard Engoulevent-\u00e0-balanciers d\u2019Afrique   et bien d\u2019autres<br \/>\nEnd\u00e9miques d\u2019une zone ou migrateurs    ils vivent sur l\u2019ensemble du globe<br \/>\nAimant la proximit\u00e9 des points d\u2019eau    les milieux a\u00e9r\u00e9s ou les friches<br \/>\nO\u00f9 leur plumage cryptique    les prot\u00e8ge de leurs pr\u00e9dateurs vigilants<\/p>\n<p class=\"K-Texte-Centre K-Texte\">Tendez l\u2019oreille \u00e9coutez le chant   de celui qu\u2019on appelle aussi<br \/>\nLubuta M\u00e0l\u00e8mbelel\u00e8   Lubuta-M\u00e0l\u00e8nj\u00ec-\u00e0-la-vision-nocturne<br \/>\nCelui qui se reproduit en Europe    et hiverne en Afrique<br \/>\nLe Voyageur qui arrive     les bras charg\u00e9s de cadeaux<br \/>\nLe Messager attendu     Porteur-de-bonnes-nouvelles<br \/>\nQui annonce    le retour de la pluie et de l\u2019abondance<\/p>\n<p class=\"K-Texte-Centre K-Texte\">Profitez-en chers amis      pour \u00e9couter les kas\u00e0l\u00e0s d\u00e9di\u00e9s<br \/>\n\u00c0 Jandhi Miroir-\u00e9tincelant     qui vous r\u00e9v\u00e8le \u00e0 vous-m\u00eames<br \/>\n\u00c0 Jacques Derickx Le-Magnanime    Celui-qui-essuie-les-larmes<br \/>\n\u00c0 Jos\u00e9phine Derickx Le-C\u0153ur-blanc   qui devint la m\u00e8re de c\u0153ur<br \/>\n\u00c0 Guido Haazen le Franciscain    le Fr\u00e8re de Mozart et des Anges<br \/>\n\u00c0 Jacques Mulongo    le M\u00e9decin qui restaure la quadruple sant\u00e9<br \/>\nCelle du corps et celle de l\u2019\u00e2me     celle du lien et celle de l\u2019esprit<br \/>\n\u00c0 Ndaay\u00e0 Luf\u00f9lw\u00e0b\u00f2 S\u00e2l\u00e0 Mw\u00e2Kabuta    la M\u00e8re-Amie de Jandhi<br \/>\n\u00c0 Kambal\u00e0 Cik\u00e8ng\u00e8l\u00e8     Celui qui s\u00e9duisit Ndaay\u00e0 pour accueillir<br \/>\nLe fils venu s\u2019incarner dans leur foyer   porteur de pens\u00e9es nouvelles<br \/>\n\u00c0 Kab\u00e0mb\u00e0 Luf\u00f9lw\u00e0b\u00f2 Nsenda     celui dont le nom de gloire est Ma\u00eetre<br \/>\n\u00c0 Jeanne-Marie Rugira      la Femme-Monument la Femme-Ph\u00e9nom\u00e9nale<br \/>\n\u00c0 l\u2019Araign\u00e9e Tisseuse-de-ponts    \u00e0 la Pieuvre-aux-bras-bourr\u00e9s-de-neurones<br \/>\nAu Baobab-au-bois-tendre     qu\u2019on ne peut encercler qu\u2019on ne peut d\u00e9raciner<br \/>\nAu Temps que nous traversons    th\u00e8me du kas\u00e0l\u00e0\u00a0: \u00ab\u00a0Tout cela est bien loin\u00a0\u00bb<br \/>\n\u00c0 Rimouski-la-Ville-du-bonheur    \u00e0 la Chauve-souris-aux-grandes-oreilles<br \/>\nEt \u00e0 bien d\u2019autres \u00eatres \u00e9tonnants    qui disent l\u2019intelligence de la Terre<\/p>\n<p class=\"K-Texte-Centre K-Texte\">Sans parler de la \u00ab\u00a0Semaine de gr\u00e2ce\u00a0\u00bb    o\u00f9 Bach respire vivant<br \/>\nSans parler de \u00ab\u00a0La Voie\u00a0\u00bb    qui c\u00e9l\u00e8bre Johann le Silencieux<br \/>\nSans parler des kas\u00e0l\u00e0s aux enfants    et aux petits-enfants<\/p>\n<p class=\"K-Texte-Centre K-Texte\">J\u2019\u00e9voque les chants    d\u00e9di\u00e9s aux actions aux projets aux r\u00eaves<br \/>\nJe convoque l\u2019ubuntu le kas\u00e0l\u00e0    ainsi que le vent le soleil l\u2019eau<br \/>\nEt tous autres concepts vivifiants   \u00e9labor\u00e9s au c\u0153ur de l\u2019Afrique<\/p>\n<p class=\"K-Texte-Centre K-Texte\">\u00catre le plus singulier qui soit    je ne saurais \u00eatre confondu avec un autre<br \/>\nCar chaque histoire est unique     chacune correspondant \u00e0 un algorithme<\/p>\n<p class=\"K-Texte-Centre K-Texte\">Reflet de l\u2019interconnexion     entre les humains dans leur infinie diversit\u00e9<br \/>\nEntre tous les habitants de la nature     et entre les constituants de l\u2019univers<br \/>\nEntre les ph\u00e9nom\u00e8nes qui se d\u00e9roulent ici   et ceux qui se d\u00e9roulent ailleurs<br \/>\nJe suis symbole complexe   que sait interpr\u00e9ter la personne \u00e0 l\u2019esprit exerc\u00e9<\/p>\n<p class=\"K-Texte-Centre K-Texte\">Luk\u00e0s\u00e0 je d\u00e9cris une trajectoire     et j\u2019engendre un ou plusieurs kas\u00e0l\u00e0s\u00a0:<br \/>\nKas\u00e0l\u00e0 de soi ou de l\u2019autre ou du territoire   ou kas\u00e0l\u00e0 de la col\u00e8re vitale<br \/>\nKas\u00e0l\u00e0 \u00e9cho ou rituel ou kas\u00e0l\u00e0 \u00e9pique    J\u2019appartiens \u00e0 la m\u00eame famille<br \/>\nQue le kas\u00e0l\u00e0 contemporain    puissant h\u00e9ritage de la pens\u00e9e africaine<\/p>\n<p class=\"K-Texte-Centre K-Texte\">Lorsqu\u2019on m\u2019observe     on distingue des territoires particuliers\u00a0:<br \/>\nLa ville de Kamina en Afrique    la Belgique au c\u0153ur de l\u2019Europe<br \/>\nLa suave ville de Rimouski     tout en haut de l\u2019Am\u00e9rique du Nord<br \/>\nAinsi que des territoires myst\u00e9rieux    d\u2019o\u00f9 l\u2019on vient et o\u00f9 l\u2019on va<br \/>\nTout cela au milieu   de multiples \u00e9v\u00e9nements et lieux signifiants<\/p>\n<p class=\"K-Texte-Centre K-Texte\">Lorsque je parle de moi     je provoque des r\u00e9sonnances diverses<br \/>\nGr\u00e2ce aux questions et commentaires    je continue de me parfaire<\/p>\n<p class=\"K-Texte-Centre K-Texte\">Quoique concentr\u00e9 sur une seule page     je suis un vaste champ<br \/>\nEn moi se trouvent parsem\u00e9s    des pens\u00e9es de toutes les couleurs<br \/>\nDes symboles, cl\u00e9s qui donnent acc\u00e8s    \u00e0 d\u2019autres plans de la r\u00e9alit\u00e9<br \/>\nO\u00f9 ne conduit la parole ordinaire   o\u00f9 tout est signe allusion et intuition<br \/>\nL\u00e0 o\u00f9 foisonnent des images    pour nourrir pour renouveler l\u2019imaginaire<br \/>\nL\u00e0 o\u00f9 des segments droits c\u00f4toient    des segments courbes ou invisibles<br \/>\nSurtout je suis constitu\u00e9 de chiffres de 0 \u00e0 9   et d\u2019une trentaine de lettres<br \/>\nInvent\u00e9s en Orient   et capables de dire toute l\u2019exp\u00e9rience de l\u2019univers<br \/>\nPour tout dire je suis support de m\u00e9ditation     et de rem\u00e9moration<br \/>\nJe renouvelle le discours intime    et aiguise la conscience d\u2019\u00eatre<\/p>\n<p class=\"K-Texte-Centre K-Texte\">Jean Kabuta j\u2019ai expos\u00e9 mon autobiographie     sans rien dissimuler<br \/>\nL\u2019essentiel est jet\u00e9 l\u00e0 sur le luk\u00e0s\u00e0    depuis mon \u00e9migration initiale<br \/>\nPar laquelle je suis entr\u00e9 dans le monde    venant de l\u2019invisible<br \/>\nJusqu\u2019au monde actuel    o\u00f9 je me consacre \u00e0 la transmission<\/p>\n<p class=\"K-Texte-Centre K-Texte\">De jour en jour je m\u2019\u00e9veille    et je prends conscience<br \/>\nDu temps que je porte dans mon corps    \u00e0 chaque instant<br \/>\nJe visualise les \u00eatres et les actions   b\u00e9n\u00e9fiques et inspirants<br \/>\nAlors je n\u2019ai pas d\u2019autres choix     que de dire ma gratitude<\/p>\n<p class=\"K-Texte-Centre K-Texte\">Voici soixante ann\u00e9es d\u00e9j\u00e0    que ma deuxi\u00e8me \u00e9migration<br \/>\nM\u2019a conduit depuis l\u2019Afrique    Berceau chaleureux de l\u2019humanit\u00e9<br \/>\nJusque dans la froide Europe occidentale   quoique riche de merveilles<br \/>\nMa troisi\u00e8me \u00e9migration    m\u2019a conduit depuis l\u2019Europe r\u00eav\u00e9e autrefois<br \/>\nJusque dans l\u2019Am\u00e9rique    terre des Dakotas des Micmacs des Ab\u00e9nakis<br \/>\nEt autres peuples connect\u00e9s \u00e0 la Terre     qui conversent avec la nature<br \/>\nOn se croirait en Afrique   o\u00f9 l\u2019humain n\u2019a pas le monopole de la vie<br \/>\nL\u00e0 o\u00f9 la Terre et les \u00eatres qu\u2019elle h\u00e9berge     sont nos fr\u00e8res et s\u0153urs<\/p>\n<p class=\"K-Texte-Centre K-Texte\">J\u2019ai une gratitude immense    \u00e0 l\u2019\u00e9gard de quelques lieux particuliers:<br \/>\nKamina Escale-initiale    o\u00f9 j\u2019ai fait la rencontre de Mozart l\u2019Initiant<br \/>\nTervuren Monde-de-musique-et-de-r\u00eaves   Porte-ouverte-sur-l\u2019impens\u00e9<br \/>\nAnvers Foyer-d\u2019amour Foyer-de-beaut\u00e9   L\u00e0-o\u00f9-la-vie-retrouve-du-sens<br \/>\nBruxelles Berceau-du-savoir    L\u00e0-o\u00f9-l\u2019on-passe-de-la-nuit-\u00e0-la-lumi\u00e8re<br \/>\nNivelles Clairi\u00e8re-dans-la-for\u00eat      L\u00e0-o\u00f9-la-m\u00e8re-retrouve-son-fils-a\u00een\u00e9<br \/>\nL\u00e0-o\u00f9-des-enfants-commencent-\u00e0-na\u00eetre     pour embellir la Terre-m\u00e8re<br \/>\nFeluy Camp-d\u2019initiation    riche en \u00e9preuves pour l\u2019homme en devenir<br \/>\nGand Ville-d\u2019enseignement     o\u00f9 voit le jour le kas\u00e0l\u00e0 contemporain<br \/>\nEt Rimouski Champ-d\u2019envol     pour la diffusion et la transmission<\/p>\n<p class=\"K-Texte-Centre K-Texte\">J\u2019avance patient et curieux   vers ma prochaine et ultime \u00e9migration<br \/>\nQui me ram\u00e8nera peut-\u00eatre      dans le Point d\u2019interrogation initial<br \/>\nOu ailleurs il n\u2019importe   \u00e0 travers de nouvelles m\u00e9tamorphoses<\/p>\n<\/div>\n","protected":false},"excerpt":{"rendered":"<p>Je suis Luk\u00e0s\u00e0 Retour au Lukasa Aide-m\u00e9moire je suis Parole-r\u00e9v\u00e9latrice et Parole-action Je me fais volontiers luk\u00e0s\u00e0 contemporain inspir\u00e9 des bambudye Je suis autobiographie po\u00e9tique je dis la vie dans ses tours et d\u00e9tours Dans ses interconnexions avec les \u00eatres la terre les astres les anc\u00eatres Et je raconte le r\u00e9cit \u00e9pique de la personne &hellip; <\/p>\n<p class=\"link-more\"><a href=\"https:\/\/www.landrea.net\/index.php\/ressource-66\/\" class=\"more-link\">Continuer la lecture<span class=\"screen-reader-text\"> de &laquo;&nbsp;Je suis Luk\u00e0s\u00e0&nbsp;&raquo;<\/span><\/a><\/p>\n","protected":false},"author":1,"featured_media":0,"parent":0,"menu_order":0,"comment_status":"closed","ping_status":"closed","template":"","meta":{"spay_email":"","footnotes":""},"class_list":["post-1479","page","type-page","status-publish","hentry"],"_links":{"self":[{"href":"https:\/\/www.landrea.net\/index.php\/wp-json\/wp\/v2\/pages\/1479","targetHints":{"allow":["GET"]}}],"collection":[{"href":"https:\/\/www.landrea.net\/index.php\/wp-json\/wp\/v2\/pages"}],"about":[{"href":"https:\/\/www.landrea.net\/index.php\/wp-json\/wp\/v2\/types\/page"}],"author":[{"embeddable":true,"href":"https:\/\/www.landrea.net\/index.php\/wp-json\/wp\/v2\/users\/1"}],"replies":[{"embeddable":true,"href":"https:\/\/www.landrea.net\/index.php\/wp-json\/wp\/v2\/comments?post=1479"}],"version-history":[{"count":2,"href":"https:\/\/www.landrea.net\/index.php\/wp-json\/wp\/v2\/pages\/1479\/revisions"}],"predecessor-version":[{"id":1481,"href":"https:\/\/www.landrea.net\/index.php\/wp-json\/wp\/v2\/pages\/1479\/revisions\/1481"}],"wp:attachment":[{"href":"https:\/\/www.landrea.net\/index.php\/wp-json\/wp\/v2\/media?parent=1479"}],"curies":[{"name":"wp","href":"https:\/\/api.w.org\/{rel}","templated":true}]}}