{"id":1474,"date":"2021-12-09T10:34:14","date_gmt":"2021-12-09T09:34:14","guid":{"rendered":"http:\/\/www.landrea.net\/?page_id=1474"},"modified":"2021-12-09T10:36:00","modified_gmt":"2021-12-09T09:36:00","slug":"ressource-65","status":"publish","type":"page","link":"https:\/\/www.landrea.net\/index.php\/ressource-65\/","title":{"rendered":"De la po\u00e9sie \u00e0 l\u2019action"},"content":{"rendered":"<p class=\"K-Titre-Centre\">De la po\u00e9sie \u00e0 l\u2019action<\/p>\n<div class=\"K-Image-Droite\"><a href=\"http:\/\/www.landrea.net\/index.php\/lukasa\/\"><img loading=\"lazy\" decoding=\"async\" src=\"http:\/\/www.landrea.net\/wp-content\/uploads\/2021\/12\/Lukasa-00-Origine-210x300.png\" alt=\"\" width=\"210\" height=\"300\" \/><\/a>Retour au Lukasa<\/div>\n<div class=\"K-Image-Centre\"><img loading=\"lazy\" decoding=\"async\" src=\"http:\/\/www.landrea.net\/wp-content\/uploads\/2021\/12\/Lukasa-65-Image.png\" alt=\"\" width=\"226\" height=\"240\" \/>\n<\/div>\n<div style=\"width:100%; \">\n<p class=\"K-Texte-Centre K-Texte\">\u00c9l\u00e8ve de l\u2019\u00e9cole africaine     puis de l\u2019\u00e9cole orientale<br \/>\nJ\u2019entrai \u00e0 l\u2019\u00e9cole de la Fraternit\u00e9    comme apprenti <\/p>\n<p class=\"K-Texte-Centre K-Texte\">Ce jour-l\u00e0 je renaquis   dans un espace clair et a\u00e9r\u00e9<br \/>\nSur les 2 colonnes    des fr\u00e8res par\u00e9s de leurs d\u00e9cors<br \/>\nJe vins muni d\u2019outils    tenant dans une main un ciseau<br \/>\nTenant dans l\u2019autre un maillet    pour fa\u00e7onner les pierres<br \/>\nQuelles qu\u2019elles soient   qu\u2019elles soient brutes ou carr\u00e9es\u00a0<br \/>\nQu\u2019elles soient tendres ou dures    petites ou grandes<\/p>\n<p class=\"K-Texte-Centre K-Texte\">Progressant dans mon initiation    j\u2019acc\u00e9dai au grade de compagnon<br \/>\nInstruit par de braves ma\u00eetres    j\u2019acc\u00e9dai bient\u00f4t au grade de ma\u00eetre<\/p>\n<p class=\"K-Texte-Centre K-Texte\">Travailler ces mati\u00e8res     opaques ou transparentes<br \/>\nExtraites du sol    ou qui constituent les flancs escarp\u00e9s\u00a0<br \/>\nCiseler la mati\u00e8re brute     avec d\u00e9termination et patience<br \/>\nLui donner une forme pr\u00e9cise     reflet de la v\u00e9rit\u00e9 per\u00e7ue<br \/>\nAgencer les pierres    dans un vaste ouvrage dot\u00e9 de sens<br \/>\nSecond\u00e9 du fr\u00e8re-ami     second\u00e9 de la s\u0153ur-amie<br \/>\nVoil\u00e0 comment je vis ma vie    jour et nuit<\/p>\n<p class=\"K-Texte-Centre K-Texte\">Aux mat\u00e9riaux \u00e9pars pos\u00e9s l\u00e0      par l\u2019Architecte-Supr\u00eame<br \/>\nQui est \u00e0 la fois femme et homme    que certains appellent Dieu<br \/>\nEt d\u2019autres Unkulunkulu    et d\u2019autres encore Sh\u00e0\u00e0kap\u00e0ng\u00e0 ou Imana<br \/>\nEt qui porte une infinit\u00e9 d\u2019autres noms encore    tous cependant inad\u00e9quats<br \/>\nPour nommer l\u2019incommensurable qu\u2019il est    et le myst\u00e8re qui l\u2019entoure<br \/>\n\u00c0 ces mat\u00e9riaux donc     donner une forme neuve une forme humaine<br \/>\nAutrement dit    construire ensemble un temple et participer ainsi<br \/>\n\u00c0 la cr\u00e9ation du monde    Voil\u00e0 pourquoi je suis n\u00e9 \u00e0 nouveau<\/p>\n<p class=\"K-Texte-Centre K-Texte\">Chaque matin ajuster mes outils     chaque soir les laver et les faire briller<br \/>\nLes ranger soigneusement sous mon lit     afin qu\u2019ils illuminent mes r\u00eaves<\/p>\n<p class=\"K-Texte-Centre K-Texte\">Libre po\u00e8te je sais une seule chose\u00a0:    penser\u00a0!<br \/>\nLibre poisson je sais une seule chose\u00a0:    nager\u00a0!<br \/>\nLibre oiseau je sais une seule chose\u00a0:    voler\u00a0!<br \/>\nEt je vole sans r\u00e9pit    allant de cime en cime<br \/>\nAnnon\u00e7ant au dormeur     le lever du jour\u00a0!<\/p>\n<p class=\"K-Texte-Centre K-Texte\">Je suis descendant du Potier-primordial      Celui qui imagina l\u2019Univers<br \/>\nEt qui ne cesse d\u2019esquisser ses \u0153uvres     \u00d4 homme quelle noble mission<br \/>\nQue celle de poursuivre la cr\u00e9ation      celle de se recr\u00e9er soi-m\u00eame\u00a0!\u00a0<br \/>\nD\u00e8s le lever je prends mes outils     Je manipule le ciseau tranchant<br \/>\nTaillant droit taillant de biais      faisant sauter les \u00e9clats alentour<\/p>\n<p class=\"K-Texte-Centre K-Texte\">\u00c9clate aussi le moi illusion du profane      bulle remplie d\u2019incoh\u00e9rences<br \/>\nEt de contradictions et de peurs    bulle d\u2019air oublieuse de son essence\u00a0:<br \/>\nLa fragilit\u00e9    qui est telle qu\u2019une aiguille un virus la fait voler en \u00e9clats<\/p>\n<p class=\"K-Texte-Centre K-Texte\">Sur les d\u00e9bris du moi     \u00e9riger une pyramide massive<br \/>\nDe pierres retravaill\u00e9es      une pyramide \u00e9quip\u00e9e d\u2019ailes<br \/>\nQui \u00e9chappe au temps inexorable     qui traverse les orients<br \/>\nVoil\u00e0 la mission du po\u00e8te     Celui-qui-casse-pour-reformuler<\/p>\n<p class=\"K-Texte-Centre K-Texte\">Que fait le po\u00e8te diseur par excellence    celui qui dit ce qui est au-del\u00e0 des mots<br \/>\nSinon d\u00e9truire les formules    et les concasser pour laisser entrevoir l\u2019autre rive\u00a0?<\/p>\n<p class=\"K-Texte-Centre K-Texte\">\u00c9tendre le chantier depuis le temple     jusque dans sa demeure priv\u00e9e<br \/>\nLa chambre o\u00f9 p\u00e9n\u00e8tre seul       l\u2019analyste ou le confesseur ou l\u2019initi\u00e9<br \/>\nY demeurer depuis le matin jusqu\u2019au soir     \u00e0 \u0153uvrer inlassablement<\/p>\n<p class=\"K-Texte-Centre K-Texte\">Il est plus facile      de construire une fus\u00e9e<br \/>\nEt d\u2019aller sur Mars      que d\u2019\u00e9monder son c\u0153ur<br \/>\nDe vaincre le monstre en soi     Devant ce constat<br \/>\n\u00c9chapper \u00e0 la tentation      de la d\u00e9sesp\u00e9rance<br \/>\nEt continuer de manipuler\u00a0   les outils d\u2019acier<\/p>\n<p class=\"K-Texte-Centre K-Texte\">Le tailleur de pierres devient      la pierre qu\u2019il taille<br \/>\nLoin de la logique     dict\u00e9e par la monture de lunettes<br \/>\nNos lunettes encadr\u00e9es     qui ne nous montrent pas tout<\/p>\n<\/div>\n","protected":false},"excerpt":{"rendered":"<p>De la po\u00e9sie \u00e0 l\u2019action Retour au Lukasa \u00c9l\u00e8ve de l\u2019\u00e9cole africaine puis de l\u2019\u00e9cole orientale J\u2019entrai \u00e0 l\u2019\u00e9cole de la Fraternit\u00e9 comme apprenti Ce jour-l\u00e0 je renaquis dans un espace clair et a\u00e9r\u00e9 Sur les 2 colonnes des fr\u00e8res par\u00e9s de leurs d\u00e9cors Je vins muni d\u2019outils tenant dans une main un ciseau Tenant &hellip; <\/p>\n<p class=\"link-more\"><a href=\"https:\/\/www.landrea.net\/index.php\/ressource-65\/\" class=\"more-link\">Continuer la lecture<span class=\"screen-reader-text\"> de &laquo;&nbsp;De la po\u00e9sie \u00e0 l\u2019action&nbsp;&raquo;<\/span><\/a><\/p>\n","protected":false},"author":1,"featured_media":0,"parent":0,"menu_order":0,"comment_status":"closed","ping_status":"closed","template":"","meta":{"spay_email":"","footnotes":""},"class_list":["post-1474","page","type-page","status-publish","hentry"],"_links":{"self":[{"href":"https:\/\/www.landrea.net\/index.php\/wp-json\/wp\/v2\/pages\/1474","targetHints":{"allow":["GET"]}}],"collection":[{"href":"https:\/\/www.landrea.net\/index.php\/wp-json\/wp\/v2\/pages"}],"about":[{"href":"https:\/\/www.landrea.net\/index.php\/wp-json\/wp\/v2\/types\/page"}],"author":[{"embeddable":true,"href":"https:\/\/www.landrea.net\/index.php\/wp-json\/wp\/v2\/users\/1"}],"replies":[{"embeddable":true,"href":"https:\/\/www.landrea.net\/index.php\/wp-json\/wp\/v2\/comments?post=1474"}],"version-history":[{"count":4,"href":"https:\/\/www.landrea.net\/index.php\/wp-json\/wp\/v2\/pages\/1474\/revisions"}],"predecessor-version":[{"id":1478,"href":"https:\/\/www.landrea.net\/index.php\/wp-json\/wp\/v2\/pages\/1474\/revisions\/1478"}],"wp:attachment":[{"href":"https:\/\/www.landrea.net\/index.php\/wp-json\/wp\/v2\/media?parent=1474"}],"curies":[{"name":"wp","href":"https:\/\/api.w.org\/{rel}","templated":true}]}}