{"id":1462,"date":"2021-12-08T23:07:21","date_gmt":"2021-12-08T22:07:21","guid":{"rendered":"http:\/\/www.landrea.net\/?page_id=1462"},"modified":"2021-12-08T23:07:21","modified_gmt":"2021-12-08T22:07:21","slug":"ressource-62","status":"publish","type":"page","link":"https:\/\/www.landrea.net\/index.php\/ressource-62\/","title":{"rendered":"Je suis \u00e0 la fois \u00e9criture et oralit\u00e9"},"content":{"rendered":"<p class=\"K-Titre-Centre\"> Je suis \u00e0 la fois \u00e9criture et oralit\u00e9 <\/p>\n<div class=\"K-Image-Droite\"><a href=\"http:\/\/www.landrea.net\/index.php\/lukasa\/\"><img loading=\"lazy\" decoding=\"async\" src=\"http:\/\/www.landrea.net\/wp-content\/uploads\/2021\/12\/Lukasa-00-Origine-210x300.png\" alt=\"\" width=\"210\" height=\"300\" \/><\/a>Retour au Lukasa<\/div>\n<div class=\"K-Image-Centre\"><img loading=\"lazy\" decoding=\"async\" src=\"http:\/\/www.landrea.net\/wp-content\/uploads\/2021\/12\/Lukasa-62-Image.png\" alt=\"\" width=\"198\" height=\"152\"  \/>\n<\/div>\n<div style=\"width:100%; \">\n<p class=\"K-Texte-Centre K-Texte\">Je suis rythme et musique     qu\u2019on ne se lasse d\u2019\u00e9couter<br \/>\nToujours je suis \u0153uvre sonore   Je dois \u00eatre chant\u00e9 et entendu<br \/>\nPar les divers vivants    et les d\u00e9funts qui ne sont jamais morts<br \/>\nC\u2019est dire que j\u2019ai toujours     besoin des oreilles de quelqu\u2019un<br \/>\nC\u2019est l\u2019occasion pour moi aussi    d\u2019entendre ma propre voix<br \/>\nJ\u2019ai toujours besoin de l\u2019autre    j\u2019ai besoin de t\u00e9moins<br \/>\nC\u2019est que je suis \u00e0 la fois     \u00e9criture et oralit\u00e9<\/p>\n<\/div>\n","protected":false},"excerpt":{"rendered":"<p>Je suis \u00e0 la fois \u00e9criture et oralit\u00e9 Retour au Lukasa Je suis rythme et musique qu\u2019on ne se lasse d\u2019\u00e9couter Toujours je suis \u0153uvre sonore Je dois \u00eatre chant\u00e9 et entendu Par les divers vivants et les d\u00e9funts qui ne sont jamais morts C\u2019est dire que j\u2019ai toujours besoin des oreilles de quelqu\u2019un C\u2019est &hellip; <\/p>\n<p class=\"link-more\"><a href=\"https:\/\/www.landrea.net\/index.php\/ressource-62\/\" class=\"more-link\">Continuer la lecture<span class=\"screen-reader-text\"> de &laquo;&nbsp;Je suis \u00e0 la fois \u00e9criture et oralit\u00e9&nbsp;&raquo;<\/span><\/a><\/p>\n","protected":false},"author":1,"featured_media":0,"parent":0,"menu_order":0,"comment_status":"closed","ping_status":"closed","template":"","meta":{"spay_email":"","footnotes":""},"class_list":["post-1462","page","type-page","status-publish","hentry"],"_links":{"self":[{"href":"https:\/\/www.landrea.net\/index.php\/wp-json\/wp\/v2\/pages\/1462","targetHints":{"allow":["GET"]}}],"collection":[{"href":"https:\/\/www.landrea.net\/index.php\/wp-json\/wp\/v2\/pages"}],"about":[{"href":"https:\/\/www.landrea.net\/index.php\/wp-json\/wp\/v2\/types\/page"}],"author":[{"embeddable":true,"href":"https:\/\/www.landrea.net\/index.php\/wp-json\/wp\/v2\/users\/1"}],"replies":[{"embeddable":true,"href":"https:\/\/www.landrea.net\/index.php\/wp-json\/wp\/v2\/comments?post=1462"}],"version-history":[{"count":1,"href":"https:\/\/www.landrea.net\/index.php\/wp-json\/wp\/v2\/pages\/1462\/revisions"}],"predecessor-version":[{"id":1463,"href":"https:\/\/www.landrea.net\/index.php\/wp-json\/wp\/v2\/pages\/1462\/revisions\/1463"}],"wp:attachment":[{"href":"https:\/\/www.landrea.net\/index.php\/wp-json\/wp\/v2\/media?parent=1462"}],"curies":[{"name":"wp","href":"https:\/\/api.w.org\/{rel}","templated":true}]}}