{"id":1450,"date":"2021-12-08T22:29:59","date_gmt":"2021-12-08T21:29:59","guid":{"rendered":"http:\/\/www.landrea.net\/?page_id=1450"},"modified":"2021-12-08T22:30:54","modified_gmt":"2021-12-08T21:30:54","slug":"ressource-59","status":"publish","type":"page","link":"https:\/\/www.landrea.net\/index.php\/ressource-59\/","title":{"rendered":"Go\u00e9land-argent\u00e9"},"content":{"rendered":"<p class=\"K-Titre-Centre\">Go\u00e9land-argent\u00e9<\/p>\n<div class=\"K-Image-Droite\"><a href=\"http:\/\/www.landrea.net\/index.php\/lukasa\/\"><img loading=\"lazy\" decoding=\"async\" src=\"http:\/\/www.landrea.net\/wp-content\/uploads\/2021\/12\/Lukasa-00-Origine-210x300.png\" alt=\"\" width=\"210\" height=\"300\" \/><\/a>Retour au Lukasa<\/div>\n<div class=\"K-Image-Centre\"><img loading=\"lazy\" decoding=\"async\" src=\"http:\/\/www.landrea.net\/wp-content\/uploads\/2021\/12\/Lukasa-59-Image.png\" alt=\"\" width=\"230\" height=\"190\" \/>\n<\/div>\n<div style=\"width:100%; \">\n<p class=\"K-Texte-Gauche K-Texte\">Go\u00e9land Argent\u00e9 mon nom de famille est Larid\u00e9<br \/>\nJ\u2019appartiens au genre Larus<br \/>\nLes Bretons les premiers me nomm\u00e8rent Guelan<\/p>\n<p class=\"K-Texte-Gauche K-Texte\">Je suis l\u2019ami de Lubuta l\u2019Engoulevent-pensant<br \/>\nAuteur de kas\u00e0l\u00e0 ou l\u2019art d\u2019\u00eatre soi et d\u2019\u00eatre vivant<br \/>\nL\u2019art qui rend l\u2019Homme et le monde plus humains<\/p>\n<p class=\"K-Texte-Gauche K-Texte\">Station d&rsquo;\u00e9puration et de retraitement<br \/>\nDes \u00e9motions des regards des pens\u00e9es<br \/>\nSur les exp\u00e9riences sur les gens sur le monde<\/p>\n<p class=\"K-Texte-Gauche K-Texte\">Je suis Kas\u00e0l\u00e0 je suis Station alchimique<br \/>\nQui transmue n\u00e9vroses blocages abus<br \/>\nEt autres contenus inf\u00e2mes en tremplins<\/p>\n<p class=\"K-Texte-Gauche K-Texte\">Je suis Chant sacr\u00e9 qui c\u00e9l\u00e8bre la vie<br \/>\nDans ses surgissements incessants inattendus<br \/>\nDepuis l\u2019apparition du temps jusqu\u2019\u00e0 sa dissolution<\/p>\n<p class=\"K-Texte-Gauche K-Texte\">Chant du lien entre les \u00eatres et les univers<br \/>\nO\u00f9 vie et mort ici et l\u00e0 toi et moi ne font qu\u2019un<br \/>\nUnit\u00e9 primordiale d\u2019o\u00f9 tout \u00e9mane<\/p>\n<p class=\"K-Texte-Gauche K-Texte\">Voil\u00e0 qu\u2019apparaissent la Conscience<br \/>\nLa Pr\u00e9sence et la Libert\u00e9 d\u2019\u00eatre<br \/>\nEt que l\u2019homme s\u2019envole du pass\u00e9 au Futur<\/p>\n<p class=\"K-Texte-Gauche K-Texte\">Perch\u00e9 sur les toits l\u00e0-haut<br \/>\nJe vois large et loin<br \/>\nL\u00e0 o\u00f9 l\u2019\u0153il humain n\u2019arrive<\/p>\n<p class=\"K-Texte-Gauche K-Texte\">Je contemple l\u2019espace sans fond<br \/>\nAu-dessus de la terre<br \/>\nEt je vole jusqu\u2019\u00e0 l\u2019horizon<\/p>\n<p class=\"K-Texte-Gauche K-Texte\">Depuis l\u00e0 se d\u00e9ploient<br \/>\nDe nouvelles immensit\u00e9s<br \/>\nEt de nouveaux horizons<\/p>\n<p class=\"K-Texte-Gauche K-Texte\">Pauvres humains\u00a0!<br \/>\nIls passent leur vie \u00e0 philosopher<br \/>\nEt \u00e0 souffrir de la conscience du temps\u00a0!<\/p>\n<p class=\"K-Texte-Gauche K-Texte\">Ils ont tant de soucis<br \/>\nQu\u2019ils ne trouvent pas le sommeil<br \/>\nVivre est pour eux un probl\u00e8me insoluble<\/p>\n<p class=\"K-Texte-Gauche K-Texte\">Dans leurs \u00e9coles ils n\u2019apprennent<br \/>\nNi \u00e0 chanter ni \u00e0 rire ni \u00e0 c\u00e9l\u00e9brer<br \/>\nNi \u00e0 parler ni \u00e0 aimer ni \u00e0 vivre<\/p>\n<p class=\"K-Texte-Gauche K-Texte\">Ils apprennent seulement \u00e0 gonfler leur ego<br \/>\nA compter \u00e0 se d\u00e9fendre \u00e0 dominer<br \/>\nA consommer \u00e0 se distraire \u00e0 s\u2019oublier<\/p>\n<p class=\"K-Texte-Gauche K-Texte\">Ils sont encombr\u00e9s de peurs et de cha\u00eenes<br \/>\nDe croyances d\u2019objets divers et d\u2019eux-m\u00eames<br \/>\nEt ils se chicanent sans cesse dans leur enfer<\/p>\n<p class=\"K-Texte-Gauche K-Texte\">Ils se lamentent<br \/>\nParce qu\u2019ils n\u2019ont pas ce qu\u2019a leur voisin<br \/>\nIgnorant les tr\u00e9sors en eux<\/p>\n<p class=\"K-Texte-Gauche K-Texte\">Certains me d\u00e9testent parce que je suis diff\u00e9rent<br \/>\nIls ne voient que mes d\u00e9fauts<br \/>\nIls restent aveugles devant mes grandes qualit\u00e9s<\/p>\n<\/div>\n","protected":false},"excerpt":{"rendered":"<p>Go\u00e9land-argent\u00e9 Retour au Lukasa Go\u00e9land Argent\u00e9 mon nom de famille est Larid\u00e9 J\u2019appartiens au genre Larus Les Bretons les premiers me nomm\u00e8rent Guelan Je suis l\u2019ami de Lubuta l\u2019Engoulevent-pensant Auteur de kas\u00e0l\u00e0 ou l\u2019art d\u2019\u00eatre soi et d\u2019\u00eatre vivant L\u2019art qui rend l\u2019Homme et le monde plus humains Station d&rsquo;\u00e9puration et de retraitement Des \u00e9motions &hellip; <\/p>\n<p class=\"link-more\"><a href=\"https:\/\/www.landrea.net\/index.php\/ressource-59\/\" class=\"more-link\">Continuer la lecture<span class=\"screen-reader-text\"> de &laquo;&nbsp;Go\u00e9land-argent\u00e9&nbsp;&raquo;<\/span><\/a><\/p>\n","protected":false},"author":1,"featured_media":0,"parent":0,"menu_order":0,"comment_status":"closed","ping_status":"closed","template":"","meta":{"spay_email":"","footnotes":""},"class_list":["post-1450","page","type-page","status-publish","hentry"],"_links":{"self":[{"href":"https:\/\/www.landrea.net\/index.php\/wp-json\/wp\/v2\/pages\/1450","targetHints":{"allow":["GET"]}}],"collection":[{"href":"https:\/\/www.landrea.net\/index.php\/wp-json\/wp\/v2\/pages"}],"about":[{"href":"https:\/\/www.landrea.net\/index.php\/wp-json\/wp\/v2\/types\/page"}],"author":[{"embeddable":true,"href":"https:\/\/www.landrea.net\/index.php\/wp-json\/wp\/v2\/users\/1"}],"replies":[{"embeddable":true,"href":"https:\/\/www.landrea.net\/index.php\/wp-json\/wp\/v2\/comments?post=1450"}],"version-history":[{"count":1,"href":"https:\/\/www.landrea.net\/index.php\/wp-json\/wp\/v2\/pages\/1450\/revisions"}],"predecessor-version":[{"id":1451,"href":"https:\/\/www.landrea.net\/index.php\/wp-json\/wp\/v2\/pages\/1450\/revisions\/1451"}],"wp:attachment":[{"href":"https:\/\/www.landrea.net\/index.php\/wp-json\/wp\/v2\/media?parent=1450"}],"curies":[{"name":"wp","href":"https:\/\/api.w.org\/{rel}","templated":true}]}}