{"id":1421,"date":"2021-12-07T22:58:39","date_gmt":"2021-12-07T21:58:39","guid":{"rendered":"http:\/\/www.landrea.net\/?page_id=1421"},"modified":"2021-12-07T23:00:23","modified_gmt":"2021-12-07T22:00:23","slug":"ressource-57","status":"publish","type":"page","link":"https:\/\/www.landrea.net\/index.php\/ressource-57\/","title":{"rendered":"Le H\u00e9ron"},"content":{"rendered":"<p class=\"K-Titre-Centre\"> Le H\u00e9ron<br \/>\n(Les animaux qui avaient oubli\u00e9 leur nom) <\/p>\n<div class=\"K-Image-Droite\"><a href=\"http:\/\/www.landrea.net\/index.php\/lukasa\/\"><img loading=\"lazy\" decoding=\"async\" src=\"http:\/\/www.landrea.net\/wp-content\/uploads\/2021\/12\/Lukasa-00-Origine-210x300.png\" alt=\"\" width=\"210\" height=\"300\" \/><\/a>Retour au Lukasa<\/div>\n<div class=\"K-Image-Centre\"><img loading=\"lazy\" decoding=\"async\" src=\"http:\/\/www.landrea.net\/wp-content\/uploads\/2021\/12\/Lukasa-57-Image-300x229.png\" alt=\"\" width=\"300\" height=\"229\" \/>\n<\/div>\n<div style=\"width:100%; \">\n<p class=\"K-Texte-Centre K-Texte\">Et toi beau H\u00e9ron tu es<br \/>\nH\u00e9ron-au-vol-majestueux<br \/>\nTu es le plus l\u00e9ger de mes h\u00f4tes<br \/>\nEt tu montes au-dessus de la m\u00eal\u00e9e<br \/>\nTu es Celui qui vole et voit loin<br \/>\nDe plus tu as une si belle voix<br \/>\nTu enchantes mes oreilles<br \/>\nAvec ton chant joyeux<\/p>\n<p class=\"K-Texte-Centre K-Texte\">\u00c9chassier de taille respectable<br \/>\nTu es de la noble famille des Ard\u00e9id\u00e9s<br \/>\nTon cou gr\u00eale et long dessine la lettre S<br \/>\nTon bec orang\u00e9 allong\u00e9 et conique<br \/>\n\u00c9voque un poignard redoutable<\/p>\n<p class=\"K-Texte-Centre K-Texte\">Si tu installes ton h\u00e9ronni\u00e8re dans<br \/>\nLes bois et bosquets en zones humides<br \/>\nTu es Ichtyophage inv\u00e9t\u00e9r\u00e9 qui fr\u00e9quente<br \/>\nLes \u00e9tangs les lacs les rivi\u00e8res et les fleuves<br \/>\nL\u00e0 o\u00f9 tu fais bombance de proies aquatiques<br \/>\nEt surtout de poissons de toutes esp\u00e8ces<br \/>\nLe majestueux fleuve Saint-Laurent<br \/>\nSe f\u00e9licite de t\u2019avoir comme<br \/>\nH\u00f4te de marque<\/p>\n<p class=\"K-Texte-Centre K-Texte\">Justement H\u00e9ron \u00e9tincelant<br \/>\nTes nobles semblables portent tous<br \/>\nDes noms de force merveilleux tels que<br \/>\nH\u00e9ron-coiff\u00e9 H\u00e9ron-vert H\u00e9ron-fl\u00fbte-du-soleil<br \/>\nH\u00e9ron-garde-b\u0153ufs H\u00e9ron-Goliath H\u00e9ron-imp\u00e9rial<br \/>\nGrand-H\u00e9ron H\u00e9ron-\u00e0-t\u00eate-blanche H\u00e9ron-cendr\u00e9<br \/>\nH\u00e9ron-stri\u00e9 H\u00e9ron-typhon ou H\u00e9ron-pourpr\u00e9<br \/>\nEt d\u2019autres noms po\u00e9tiques remarquables<\/p>\n<p class=\"K-Texte-Centre K-Texte\">Les yogis exerc\u00e9s<br \/>\nPratiquent bakasana<br \/>\nOu la posture du h\u00e9ron<br \/>\nD\u2019autres mettent longtemps<br \/>\nPour apprivoiser vrikshasana<br \/>\nAutrement dit la posture de l\u2019arbre<br \/>\nQue toi tu pratiques tout naturellement<br \/>\nDes heures durant et le regard fixe<br \/>\nSurveillant le mouvement de l\u2019eau<br \/>\nToi P\u00eacheur hautement patient<br \/>\nEt toujours r\u00e9compens\u00e9<\/p>\n<p class=\"K-Texte-Centre K-Texte\">Je te salue je t\u2019admire<\/p>\n<\/div>\n","protected":false},"excerpt":{"rendered":"<p>Le H\u00e9ron (Les animaux qui avaient oubli\u00e9 leur nom) Retour au Lukasa Et toi beau H\u00e9ron tu es H\u00e9ron-au-vol-majestueux Tu es le plus l\u00e9ger de mes h\u00f4tes Et tu montes au-dessus de la m\u00eal\u00e9e Tu es Celui qui vole et voit loin De plus tu as une si belle voix Tu enchantes mes oreilles Avec &hellip; <\/p>\n<p class=\"link-more\"><a href=\"https:\/\/www.landrea.net\/index.php\/ressource-57\/\" class=\"more-link\">Continuer la lecture<span class=\"screen-reader-text\"> de &laquo;&nbsp;Le H\u00e9ron&nbsp;&raquo;<\/span><\/a><\/p>\n","protected":false},"author":1,"featured_media":0,"parent":0,"menu_order":0,"comment_status":"closed","ping_status":"closed","template":"","meta":{"spay_email":"","footnotes":""},"class_list":["post-1421","page","type-page","status-publish","hentry"],"_links":{"self":[{"href":"https:\/\/www.landrea.net\/index.php\/wp-json\/wp\/v2\/pages\/1421","targetHints":{"allow":["GET"]}}],"collection":[{"href":"https:\/\/www.landrea.net\/index.php\/wp-json\/wp\/v2\/pages"}],"about":[{"href":"https:\/\/www.landrea.net\/index.php\/wp-json\/wp\/v2\/types\/page"}],"author":[{"embeddable":true,"href":"https:\/\/www.landrea.net\/index.php\/wp-json\/wp\/v2\/users\/1"}],"replies":[{"embeddable":true,"href":"https:\/\/www.landrea.net\/index.php\/wp-json\/wp\/v2\/comments?post=1421"}],"version-history":[{"count":3,"href":"https:\/\/www.landrea.net\/index.php\/wp-json\/wp\/v2\/pages\/1421\/revisions"}],"predecessor-version":[{"id":1424,"href":"https:\/\/www.landrea.net\/index.php\/wp-json\/wp\/v2\/pages\/1421\/revisions\/1424"}],"wp:attachment":[{"href":"https:\/\/www.landrea.net\/index.php\/wp-json\/wp\/v2\/media?parent=1421"}],"curies":[{"name":"wp","href":"https:\/\/api.w.org\/{rel}","templated":true}]}}