{"id":1393,"date":"2021-12-06T23:03:16","date_gmt":"2021-12-06T22:03:16","guid":{"rendered":"http:\/\/www.landrea.net\/?page_id=1393"},"modified":"2021-12-06T23:03:36","modified_gmt":"2021-12-06T22:03:36","slug":"ressource-52","status":"publish","type":"page","link":"https:\/\/www.landrea.net\/index.php\/ressource-52\/","title":{"rendered":"\u00c9cho\u00a0\u00e0 Jacques"},"content":{"rendered":"<p class=\"K-Titre-Centre\">\u00c9cho\u00a0\u00e0 Jacques<br \/>\n(Coup d\u2019oeil sur le temps) <\/p>\n<div class=\"K-Image-Droite\"><a href=\"http:\/\/www.landrea.net\/index.php\/lukasa\/\"><img loading=\"lazy\" decoding=\"async\" src=\"http:\/\/www.landrea.net\/wp-content\/uploads\/2021\/12\/Lukasa-00-Origine-210x300.png\" alt=\"\" width=\"210\" height=\"300\" \/><\/a>Retour au Lukasa<\/div>\n<div style=\"width:100%; \">\n<p class=\"K-Texte-Gauche K-Texte\">Merci pour ces vers si pertinents     d\u2019Andr\u00e9 Foubert<br \/>\nMon Dieu d\u2019entendre ces noms     me renvoie bien loin dans le pass\u00e9!<br \/>\nNous \u00e9tions de jeunes adultes     au corps ferme aux traits harmonieux<br \/>\nComme est intrigant    le temps qui semble passer qui semble vieillir!<\/p>\n<p class=\"K-Texte-Gauche K-Texte\">L\u2019humain se lamente sur ses jours qui filent    On le comprend le pauvre!<br \/>\nIl y a \u00e0 peine quelques clignements d\u2019yeux    il \u00e9tait encore<br \/>\nDans sa deuxi\u00e8me     ou dans sa troisi\u00e8me d\u00e9cennie<br \/>\nOr voil\u00e0 qu\u2019il est d\u00e9j\u00e0    dans la huiti\u00e8me ou la neuvi\u00e8me!<\/p>\n<p class=\"K-Texte-Gauche K-Texte\">Devenu plus vuln\u00e9rable     il peut \u00e0 tout moment s\u2019\u00e9teindre!<br \/>\nIl est \u00e0 peine apparu au grand jour    qu\u2019il doit d\u00e9j\u00e0 dispara\u00eetre!<br \/>\nAh il est si bon d\u2019\u00eatre dans la vie!    Or d\u00e9j\u00e0 on doit plier bagage!<br \/>\nComme ce constat in\u00e9vitable les d\u00e9sole     lui et son entourage!<\/p>\n<p class=\"K-Texte-Gauche K-Texte\">Ignorant la nature du temps    il se sent tellement insignifiant<br \/>\nQuand il compare la dur\u00e9e de sa vie    \u00e0 l\u2019\u00e2ge de la terre ou de l\u2019univers<br \/>\nPour ma part    je suis praticien de la lenteur<br \/>\nLorsque je marche     je m\u2019arr\u00eate de temps en temps<\/p>\n<p class=\"K-Texte-Gauche K-Texte\">Je m\u2019arr\u00eate je me retourne    Depuis une autre perspective<br \/>\nJe vois la r\u00e9alit\u00e9 d\u00e9j\u00e0 visit\u00e9e    mais renouvel\u00e9e \u00e9tonnante<br \/>\nJe suis toujours surpris    du paysage qui s\u2019offre<br \/>\nComme un cadeau    \u00e0 l\u2019\u0153il qui renonce \u00e0 l\u2019usuel<\/p>\n<p class=\"K-Texte-Gauche K-Texte\">Je prends donc plaisir     \u00e0 regarder aussi en arri\u00e8re<br \/>\nPar exemple au temps du film Palaver <sup>4 <\/sup>\u00a0    au temps d\u2019Expo 58<br \/>\nAu temps de ma premi\u00e8re fugue     quand j\u2019avais \u00e0 peine 4 ou 5 ans<br \/>\nEt je revois ma m\u00e8re r\u00e9pudi\u00e9e    qui venait me voir en cachette<\/p>\n<p class=\"K-Texte-Gauche K-Texte\">Quand je pense \u00e0 cela     quand je revisite ces temps-l\u00e0<br \/>\nQuand je r\u00e9entends     les musiques entendues et chant\u00e9es<br \/>\nQuand je revois les visages    et les paysages de l\u2019\u00e9poque<br \/>\nTout cela est tr\u00e8s loin!     Il y a vraiment tr\u00e8s longtemps!<\/p>\n<p class=\"K-Texte-Gauche K-Texte\">Quand je regarde     mon itin\u00e9raire jusqu\u2019\u00e0 pr\u00e9sent<br \/>\nSi touffu si complexe     commenc\u00e9 au Congo Belge<br \/>\nEt qui ne repr\u00e9sente pourtant     qu\u2019une fraction des \u00e9v\u00e9nements v\u00e9cus<br \/>\nTout cela est tr\u00e8s loin!      Il y a vraiment tr\u00e8s longtemps!<\/p>\n<p class=\"K-Texte-Gauche K-Texte\">Pour le dire autrement     j\u2019ai cess\u00e9 de me pr\u00e9occuper du temps qui reste<br \/>\nSachant qu\u2019il est toujours abondant    sachant que mon domaine int\u00e9rieur<br \/>\nN\u2019est mesurable       ni en longueur ni en largeur ni en hauteur<br \/>\nSachant qu\u2019il n\u2019est limit\u00e9     ni par l\u2019espace ni par le temps<\/p>\n<p class=\"K-Texte-Gauche K-Texte\">Quand je regarde le temps d\u00e9j\u00e0 v\u00e9cu     quand je rejoins mon enfance<br \/>\nJ\u2019apprends que le temps est une donn\u00e9e    absolument relative<br \/>\nJe me rends compte     que je viens de l\u2019\u00e9ternit\u00e9 et y retourne<br \/>\nJe me r\u00e9jouis d\u2019avoir acc\u00e8s en tout temps    \u00e0 l\u2019absence du temps<\/p>\n<p class=\"K-Texte-Gauche K-Texte\">Quand je construis mon luk\u00e0s\u00e0      je fais l\u2019exp\u00e9rience \u00e9trange et exquise<br \/>\nDe descendre au plus profond de moi     l\u00e0 o\u00f9 g\u00eet le noyau adamantin<br \/>\nQue le suceur de sucre occidental au c\u0153ur p\u00e9trifi\u00e9    ne sut jamais d\u00e9truire<br \/>\nSource de la force in\u00e9branlable      de Muhammad Ali l\u2019Indomptable<\/p>\n<p class=\"K-Texte-Gauche K-Texte\">Cette zone intime n\u2019est limit\u00e9e      ni par l\u2019espace ni par le temps<br \/>\nIl suffit de la visiter     pour se surprendre \u00e0 nager et \u00e0 voler<br \/>\nLibre de la pesanteur libre de toute crainte      propres aux gens de la surface<br \/>\nVoil\u00e0 un lieu fait d\u2019\u00e9nergie et de beaut\u00e9    o\u00f9 l\u2019id\u00e9e m\u00eame de la mort est inconnue<\/p>\n<p class=\"K-Texte-Note K-Texte\"><sup>4 <\/sup> Jacques et moi, nous avons jou\u00e9 dans le film d\u2019\u00c9mile Degelin portant ce titre, en 1968.<\/p>\n<\/div>\n","protected":false},"excerpt":{"rendered":"<p>\u00c9cho\u00a0\u00e0 Jacques (Coup d\u2019oeil sur le temps) Retour au Lukasa Merci pour ces vers si pertinents d\u2019Andr\u00e9 Foubert Mon Dieu d\u2019entendre ces noms me renvoie bien loin dans le pass\u00e9! Nous \u00e9tions de jeunes adultes au corps ferme aux traits harmonieux Comme est intrigant le temps qui semble passer qui semble vieillir! L\u2019humain se lamente &hellip; <\/p>\n<p class=\"link-more\"><a href=\"https:\/\/www.landrea.net\/index.php\/ressource-52\/\" class=\"more-link\">Continuer la lecture<span class=\"screen-reader-text\"> de &laquo;&nbsp;\u00c9cho\u00a0\u00e0 Jacques&nbsp;&raquo;<\/span><\/a><\/p>\n","protected":false},"author":1,"featured_media":0,"parent":0,"menu_order":0,"comment_status":"closed","ping_status":"closed","template":"","meta":{"spay_email":"","footnotes":""},"class_list":["post-1393","page","type-page","status-publish","hentry"],"_links":{"self":[{"href":"https:\/\/www.landrea.net\/index.php\/wp-json\/wp\/v2\/pages\/1393","targetHints":{"allow":["GET"]}}],"collection":[{"href":"https:\/\/www.landrea.net\/index.php\/wp-json\/wp\/v2\/pages"}],"about":[{"href":"https:\/\/www.landrea.net\/index.php\/wp-json\/wp\/v2\/types\/page"}],"author":[{"embeddable":true,"href":"https:\/\/www.landrea.net\/index.php\/wp-json\/wp\/v2\/users\/1"}],"replies":[{"embeddable":true,"href":"https:\/\/www.landrea.net\/index.php\/wp-json\/wp\/v2\/comments?post=1393"}],"version-history":[{"count":2,"href":"https:\/\/www.landrea.net\/index.php\/wp-json\/wp\/v2\/pages\/1393\/revisions"}],"predecessor-version":[{"id":1395,"href":"https:\/\/www.landrea.net\/index.php\/wp-json\/wp\/v2\/pages\/1393\/revisions\/1395"}],"wp:attachment":[{"href":"https:\/\/www.landrea.net\/index.php\/wp-json\/wp\/v2\/media?parent=1393"}],"curies":[{"name":"wp","href":"https:\/\/api.w.org\/{rel}","templated":true}]}}