{"id":1359,"date":"2021-12-06T16:48:52","date_gmt":"2021-12-06T15:48:52","guid":{"rendered":"http:\/\/www.landrea.net\/?page_id=1359"},"modified":"2021-12-06T16:52:05","modified_gmt":"2021-12-06T15:52:05","slug":"ressource-46","status":"publish","type":"page","link":"https:\/\/www.landrea.net\/index.php\/ressource-46\/","title":{"rendered":"Je suis Fen\u00eatre-ouverte"},"content":{"rendered":"<p class=\"K-Titre-Centre\"> Je suis Fen\u00eatre-ouverte <\/p>\n<div class=\"K-Image-Droite\"><a href=\"http:\/\/www.landrea.net\/index.php\/lukasa\/\"><img loading=\"lazy\" decoding=\"async\" src=\"http:\/\/www.landrea.net\/wp-content\/uploads\/2021\/12\/Lukasa-00-Origine-210x300.png\" alt=\"\" width=\"210\" height=\"300\" \/><\/a>Retour au Lukasa<\/div>\n<div class=\"K-Image-Centre\"><img loading=\"lazy\" decoding=\"async\" src=\"http:\/\/www.landrea.net\/wp-content\/uploads\/2021\/12\/Lukasa-46-Image.png\" alt=\"\" width=\"248\" height=\"218\" \/>\n<\/div>\n<div style=\"width:100%; \">\n<p class=\"K-Texte-Centre K-Texte\">La col\u00e8re vitale    pour d\u00e9noncer la dignit\u00e9 bafou\u00e9e<br \/>\nFen\u00eatre-ouverte     je laisse passer l\u2019air et la lumi\u00e8re<br \/>\nQuelquefois je ne suis   qu\u2019un \u00e9clair dans le ciel noir<br \/>\nQuelquefois je suis r\u00e9duit    \u00e0 une fissure dans le mur<br \/>\nMais j\u2019existe toujours    quelles que soient les circonstances<br \/>\nJe suis la note d\u2019espoir   qui conclut le kas\u00e0l\u00e0 d\u2019indignation <\/p>\n<\/div>\n","protected":false},"excerpt":{"rendered":"<p>Je suis Fen\u00eatre-ouverte Retour au Lukasa La col\u00e8re vitale pour d\u00e9noncer la dignit\u00e9 bafou\u00e9e Fen\u00eatre-ouverte je laisse passer l\u2019air et la lumi\u00e8re Quelquefois je ne suis qu\u2019un \u00e9clair dans le ciel noir Quelquefois je suis r\u00e9duit \u00e0 une fissure dans le mur Mais j\u2019existe toujours quelles que soient les circonstances Je suis la note d\u2019espoir &hellip; <\/p>\n<p class=\"link-more\"><a href=\"https:\/\/www.landrea.net\/index.php\/ressource-46\/\" class=\"more-link\">Continuer la lecture<span class=\"screen-reader-text\"> de &laquo;&nbsp;Je suis Fen\u00eatre-ouverte&nbsp;&raquo;<\/span><\/a><\/p>\n","protected":false},"author":1,"featured_media":0,"parent":0,"menu_order":0,"comment_status":"closed","ping_status":"closed","template":"","meta":{"spay_email":"","footnotes":""},"class_list":["post-1359","page","type-page","status-publish","hentry"],"_links":{"self":[{"href":"https:\/\/www.landrea.net\/index.php\/wp-json\/wp\/v2\/pages\/1359","targetHints":{"allow":["GET"]}}],"collection":[{"href":"https:\/\/www.landrea.net\/index.php\/wp-json\/wp\/v2\/pages"}],"about":[{"href":"https:\/\/www.landrea.net\/index.php\/wp-json\/wp\/v2\/types\/page"}],"author":[{"embeddable":true,"href":"https:\/\/www.landrea.net\/index.php\/wp-json\/wp\/v2\/users\/1"}],"replies":[{"embeddable":true,"href":"https:\/\/www.landrea.net\/index.php\/wp-json\/wp\/v2\/comments?post=1359"}],"version-history":[{"count":2,"href":"https:\/\/www.landrea.net\/index.php\/wp-json\/wp\/v2\/pages\/1359\/revisions"}],"predecessor-version":[{"id":1362,"href":"https:\/\/www.landrea.net\/index.php\/wp-json\/wp\/v2\/pages\/1359\/revisions\/1362"}],"wp:attachment":[{"href":"https:\/\/www.landrea.net\/index.php\/wp-json\/wp\/v2\/media?parent=1359"}],"curies":[{"name":"wp","href":"https:\/\/api.w.org\/{rel}","templated":true}]}}