{"id":1350,"date":"2021-12-06T15:57:50","date_gmt":"2021-12-06T14:57:50","guid":{"rendered":"http:\/\/www.landrea.net\/?page_id=1350"},"modified":"2021-12-06T15:57:50","modified_gmt":"2021-12-06T14:57:50","slug":"ressource-43","status":"publish","type":"page","link":"https:\/\/www.landrea.net\/index.php\/ressource-43\/","title":{"rendered":"Soleil-qu\u2019on-ne-regarde-en-face"},"content":{"rendered":"<p class=\"K-Titre-Centre\"> Soleil-qu\u2019on-ne-regarde-en-face <\/p>\n<div class=\"K-Image-Droite\"><a href=\"http:\/\/www.landrea.net\/index.php\/lukasa\/\"><img loading=\"lazy\" decoding=\"async\" src=\"http:\/\/www.landrea.net\/wp-content\/uploads\/2021\/12\/Lukasa-00-Origine-210x300.png\" alt=\"\" width=\"210\" height=\"300\" \/><\/a>Retour au Lukasa<\/div>\n<div class=\"K-Image-Centre\"><img loading=\"lazy\" decoding=\"async\" src=\"http:\/\/www.landrea.net\/wp-content\/uploads\/2021\/12\/Lukasa-43-Image.png\" alt=\"\" width=\"192\" height=\"188\" \/>\n<\/div>\n<div style=\"width:100%; \">\n<p class=\"K-Texte-Centre K-Texte\"> Moi Soleil-qu\u2019on-ne-regarde-en-face     celui ou celle qui me regarde perd la vue<br \/>\nJe brille pour tous les \u00eatres vivants     qu\u2019ils soient humains v\u00e9g\u00e9taux ou animaux<br \/>\nJe brille pour les \u00eatres visibles et invisibles     Tous les \u00eatres quels qu\u2019ils soient<br \/>\nOnt droit \u00e0 mes bienfaits    Le kas\u00e0l\u00e0 contemporain c\u2019est l\u2019art de m\u2019accueillir <\/p>\n<\/div>\n","protected":false},"excerpt":{"rendered":"<p>Soleil-qu\u2019on-ne-regarde-en-face Retour au Lukasa Moi Soleil-qu\u2019on-ne-regarde-en-face celui ou celle qui me regarde perd la vue Je brille pour tous les \u00eatres vivants qu\u2019ils soient humains v\u00e9g\u00e9taux ou animaux Je brille pour les \u00eatres visibles et invisibles Tous les \u00eatres quels qu\u2019ils soient Ont droit \u00e0 mes bienfaits Le kas\u00e0l\u00e0 contemporain c\u2019est l\u2019art de m\u2019accueillir<\/p>\n","protected":false},"author":1,"featured_media":0,"parent":0,"menu_order":0,"comment_status":"closed","ping_status":"closed","template":"","meta":{"spay_email":"","footnotes":""},"class_list":["post-1350","page","type-page","status-publish","hentry"],"_links":{"self":[{"href":"https:\/\/www.landrea.net\/index.php\/wp-json\/wp\/v2\/pages\/1350","targetHints":{"allow":["GET"]}}],"collection":[{"href":"https:\/\/www.landrea.net\/index.php\/wp-json\/wp\/v2\/pages"}],"about":[{"href":"https:\/\/www.landrea.net\/index.php\/wp-json\/wp\/v2\/types\/page"}],"author":[{"embeddable":true,"href":"https:\/\/www.landrea.net\/index.php\/wp-json\/wp\/v2\/users\/1"}],"replies":[{"embeddable":true,"href":"https:\/\/www.landrea.net\/index.php\/wp-json\/wp\/v2\/comments?post=1350"}],"version-history":[{"count":1,"href":"https:\/\/www.landrea.net\/index.php\/wp-json\/wp\/v2\/pages\/1350\/revisions"}],"predecessor-version":[{"id":1351,"href":"https:\/\/www.landrea.net\/index.php\/wp-json\/wp\/v2\/pages\/1350\/revisions\/1351"}],"wp:attachment":[{"href":"https:\/\/www.landrea.net\/index.php\/wp-json\/wp\/v2\/media?parent=1350"}],"curies":[{"name":"wp","href":"https:\/\/api.w.org\/{rel}","templated":true}]}}