{"id":1333,"date":"2021-12-06T15:39:28","date_gmt":"2021-12-06T14:39:28","guid":{"rendered":"http:\/\/www.landrea.net\/?page_id=1333"},"modified":"2021-12-06T15:45:08","modified_gmt":"2021-12-06T14:45:08","slug":"ressource-40","status":"publish","type":"page","link":"https:\/\/www.landrea.net\/index.php\/ressource-40\/","title":{"rendered":"La parole"},"content":{"rendered":"<p class=\"K-Titre-Centre\"> La parole <\/p>\n<div class=\"K-Image-Droite\"><a href=\"http:\/\/www.landrea.net\/index.php\/lukasa\/\"><img loading=\"lazy\" decoding=\"async\" src=\"http:\/\/www.landrea.net\/wp-content\/uploads\/2021\/12\/Lukasa-00-Origine-210x300.png\" alt=\"\" width=\"210\" height=\"300\" \/><\/a>Retour au Lukasa<\/div>\n<div class=\"K-Image-Centre\"><img loading=\"lazy\" decoding=\"async\" src=\"http:\/\/www.landrea.net\/wp-content\/uploads\/2021\/12\/Lukasa-40-Image.png\" alt=\"\" width=\"208\" height=\"176\" \/>\n<\/div>\n<div style=\"width:100%; \">\n<p class=\"K-Texte-Centre K-Texte\"> Que de synonymes et nuances\u00a0\u00a0\u00a0pour le seul verbe Parler<br \/>\nBavarder jaser calomnier\u00a0\u00a0\u00a0\u00a0interc\u00e9der communiquer prier<br \/>\n\u00a0Chuchoter d\u00e9battre d\u00e9clamer\u00a0\u00a0\u00a0\u00a0d\u00e9goiser piquer dialoguer<br \/>\nTitiller deviser articuler d\u00e9finir\u00a0\u00a0\u00a0\u00a0mentir palabrer exprimer<br \/>\nOn \u00e9crirait tout un dictionnaire\u00a0\u00a0\u00a0\u00a0sur ce seul vocable\u00a0!<\/p>\n<p class=\"K-Texte-Centre K-Texte\">Je me fais Hyperbole\u00a0\u00a0\u00a0\u00a0pour \u00eatre plus percutante<br \/>\nD\u2019autres fois je me fais M\u00e9taphore\u00a0\u00a0\u00a0\u00a0et deviens Symbole<br \/>\nAinsi j\u2019atteins directement\u00a0\u00a0\u00a0\u00a0l\u2019esprit ou l\u2019\u00e2me ou le c\u0153ur<br \/>\nL\u00e0 o\u00f9 gisent l\u2019amour la beaut\u00e9\u00a0\u00a0\u00a0\u00a0le myst\u00e8re le silence<br \/>\nJe me suis pr\u00e9sent\u00e9e\u00a0\u00a0\u00a0\u00a0Parole fluide Parole de joie<\/p>\n<p class=\"K-Texte-Centre K-Texte\">Les po\u00e8tes chantent\u00a0\u00a0\u00a0\u00a0des izibongo des kas\u00e0l\u00e0 des oriki<br \/>\nPour stimuler l\u2019\u00e9nergie\u00a0\u00a0\u00a0\u00a0qui pousse l\u2019homme \u00e0 l\u2019action\u00a0<br \/>\nPour porter au grand jour\u00a0\u00a0\u00a0\u00a0la beaut\u00e9 lov\u00e9e en chacun<br \/>\nCes experts de la parole\u00a0\u00a0\u00a0\u00a0savent cr\u00e9er le rythme<br \/>\nSource de mouvement\u00a0\u00a0\u00a0\u00a0et source de vie<\/p>\n<p class=\"K-Texte-Centre K-Texte\">Qu\u2019est-ce que le kas\u00e0l\u00e0\u00a0\u00a0\u00a0\u00a0sinon une parole\u00a0?<br \/>\nUne parole dite\u00a0\u00a0\u00a0\u00a0une parole entendue et vue<br \/>\nOr ce n\u2019est pas l\u2019\u0153il qui voit\u00a0\u00a0\u00a0ni l\u2019oreille qui entend<br \/>\nMerleau l\u2019a compris\u00a0:\u00a0\u00a0\u00a0\u00a0Ce n\u2019est pas l\u2019\u00e2me non plus<br \/>\nMais le corps comme totalit\u00e9\u00a0\u00a0\u00a0\u00a0qui entend qui voit<\/p>\n<p class=\"K-Texte-Centre K-Texte\">Les gens du Mali eux\u00a0\u00a0\u00a0\u00a0savent depuis la nuit des temps<br \/>\nQu\u2019\u00e0 l\u2019instar de l\u2019\u00eatre vivant\u00a0\u00a0\u00a0je suis Eau Air Terre et Feu<br \/>\nIls savent donc que je suis Corps\u00a0\u00a0\u00a0\u00a0mais aussi Graines Force\u00a0<br \/>\nEt autres modalit\u00e9s\u00a0\u00a0\u00a0\u00a0suprasegmentales m\u00e2les ou femelles<br \/>\nQui disent avec pr\u00e9cision\u00a0\u00a0\u00a0\u00a0les divers \u00e9tats intimes\u00a0<\/p>\n<p class=\"K-Texte-Centre K-Texte\">Ils savent que j\u2019atterris\u00a0\u00a0\u00a0\u00a0dans les entrailles de l\u2019auditeur<br \/>\nQu\u2019autonome\u00a0\u00a0\u00a0je n\u2019appartiens plus au champ o\u00f9 j\u2019ai germ\u00e9\u00a0\u00a0\u00a0<br \/>\nEt me laisse dig\u00e9rer assimiler\u00a0\u00a0\u00a0renfor\u00e7ant les articulations<br \/>\nTandis que le nyama\u00a0\u00a0\u00a0\u00a0s\u2019emmagasine dans les clavicules<br \/>\nFavorise la f\u00e9condit\u00e9\u00a0\u00a0\u00a0\u00a0et fait augmenter la force vitale<\/p>\n<p class=\"K-Texte-Centre K-Texte\">Voici ce que repr\u00e9sente la parole\u00a0\u00a0\u00a0\u00a0pour ces \u00eatres clairvoyants\u00a0:\u00a0\u00a0<br \/>\nManifestation essentielle de l\u2019\u00eatre\u00a0\u00a0\u00a0sa projection sonore dans l\u2019espace\u00a0\u00a0\u00a0<br \/>\nExpression de la vie invisible individuelle\u00a0\u00a0\u00a0\u00a0ressort de la vie sociale\u00a0\u00a0\u00a0<br \/>\nCanal par lequel deux \u00ab\u00a0moi\u00a0\u00bb\u00a0\u00a0\u00a0\u00a0entrent en communication<br \/>\n\u00c9manation de l\u2019\u00eatre\u00a0\u00a0\u00a0pareil \u00e0 lui dans toutes ses parties<\/p>\n<p class=\"K-Texte-Centre K-Texte\">N\u2019est pas grand Donald\u00a0\u00a0\u00a0\u00a0l\u2019Opulent \u00e0 la parole naus\u00e9abonde<br \/>\nN\u2019est pas grand Goliath\u00a0\u00a0\u00a0\u00a0le G\u00e9ant au verbe suffisant et creux<br \/>\nSeul est grand David\u00a0\u00a0\u00a0\u00a0le jeune silencieux \u00e0 l\u2019esprit gigantesque<br \/>\n\u00c0 c\u00f4t\u00e9 de David le D\u00e9fiant\u00a0\u00a0\u00a0\u00a0Donald et Goliath sont des nains<br \/>\nSeuls sont grands\u00a0\u00a0\u00a0les taiseux qui cultivent la parole et l\u2019esprit<\/p>\n<p class=\"K-Texte-Centre K-Texte\">Voici enfin deux ou trois mots\u00a0\u00a0\u00a0\u00a0de Balla Fass\u00e9k\u00e9<br \/>\nLe c\u00e9l\u00e8bre griot\u00a0\u00a0\u00a0\u00a0de Sundjata Keita Fils-de-Sogolon<br \/>\nQui unifia le Mali\u00a0\u00a0\u00a0et imagina la Charte du Manding<br \/>\nCe que le fer ne peut contre les rois\u00a0\u00a0\u00a0\u00a0la parole le peut<br \/>\n\u00d4 Fils-de-Sogolon\u00a0\u00a0\u00a0\u00a0je suis la Parole et toi l&rsquo;Action\u00a0<\/p>\n<p class=\"K-Texte-Centre K-Texte\">La parole n&rsquo;est que parole\u00a0\u00a0\u00a0\u00a0la puissance est dans l&rsquo;action<br \/>\nSois homme d&rsquo;action\u00a0!\u00a0\u00a0\u00a0\u00a0Ne me r\u00e9ponds plus par ta bouche\u00a0!<br \/>\nDemain montre-moi sur le champ de bataille\u00a0\u00a0\u00a0\u00a0ce que tu vaux<br \/>\nCe que tu veux que je raconte\u00a0\u00a0\u00a0\u00a0aux g\u00e9n\u00e9rations \u00e0 venir<br \/>\n\u00d4 Fils-de-Sogolon Kedju\u00a0\u00a0\u00a0\u00a0et de Nare-Maghan\u00a0!<\/p>\n<p class=\"K-Texte-Centre K-Texte\">Pour le peuple Ekang\u00a0\u00a0\u00a0\u00a0\u00a0je suis le Mvett<br \/>\nComme le po\u00e8te\u00a0\u00a0\u00a0\u00a0\u00a0comme son instrument\u00a0<br \/>\nMvet c\u2019est la fusion\u00a0\u00a0\u00a0\u00a0\u00a0philosophie et spiritualit\u00e9\u00a0<br \/>\nParole et po\u00e9sie\u00a0\u00a0\u00a0\u00a0\u00a0cosmogonie et musique<br \/>\nAutrement dit\u00a0\u00a0\u00a0\u00a0\u00a0toute la culture ekang<\/p>\n<p class=\"K-Texte-Centre K-Texte\">Mvett Parole-chant\u00a0\u00a0\u00a0\u00a0symphonie o\u00f9 tout chante :<br \/>\nLe soleil et la lune l\u00e0-haut\u00a0\u00a0\u00a0\u00a0le village et les oiseaux<br \/>\nL&rsquo;instrument et l\u2019artiste\u00a0\u00a0\u00a0le ch\u0153ur et les auditeurs<br \/>\nLes h\u00e9ros du r\u00e9cit\u00a0\u00a0\u00a0\u00a0ainsi que les gestes de l\u2019artiste<br \/>\nBref toute l\u2019\u0153uvre\u00a0\u00a0\u00a0\u00a0de Maa-ngala L\u2019Auto-cr\u00e9\u00e9 <\/p>\n<\/div>\n","protected":false},"excerpt":{"rendered":"<p>La parole Retour au Lukasa Que de synonymes et nuances\u00a0\u00a0\u00a0pour le seul verbe Parler Bavarder jaser calomnier\u00a0\u00a0\u00a0\u00a0interc\u00e9der communiquer prier \u00a0Chuchoter d\u00e9battre d\u00e9clamer\u00a0\u00a0\u00a0\u00a0d\u00e9goiser piquer dialoguer Titiller deviser articuler d\u00e9finir\u00a0\u00a0\u00a0\u00a0mentir palabrer exprimer On \u00e9crirait tout un dictionnaire\u00a0\u00a0\u00a0\u00a0sur ce seul vocable\u00a0! Je me fais Hyperbole\u00a0\u00a0\u00a0\u00a0pour \u00eatre plus percutante D\u2019autres fois je me fais M\u00e9taphore\u00a0\u00a0\u00a0\u00a0et deviens Symbole Ainsi j\u2019atteins &hellip; <\/p>\n<p class=\"link-more\"><a href=\"https:\/\/www.landrea.net\/index.php\/ressource-40\/\" class=\"more-link\">Continuer la lecture<span class=\"screen-reader-text\"> de &laquo;&nbsp;La parole&nbsp;&raquo;<\/span><\/a><\/p>\n","protected":false},"author":1,"featured_media":0,"parent":0,"menu_order":0,"comment_status":"closed","ping_status":"closed","template":"","meta":{"spay_email":"","footnotes":""},"class_list":["post-1333","page","type-page","status-publish","hentry"],"_links":{"self":[{"href":"https:\/\/www.landrea.net\/index.php\/wp-json\/wp\/v2\/pages\/1333","targetHints":{"allow":["GET"]}}],"collection":[{"href":"https:\/\/www.landrea.net\/index.php\/wp-json\/wp\/v2\/pages"}],"about":[{"href":"https:\/\/www.landrea.net\/index.php\/wp-json\/wp\/v2\/types\/page"}],"author":[{"embeddable":true,"href":"https:\/\/www.landrea.net\/index.php\/wp-json\/wp\/v2\/users\/1"}],"replies":[{"embeddable":true,"href":"https:\/\/www.landrea.net\/index.php\/wp-json\/wp\/v2\/comments?post=1333"}],"version-history":[{"count":7,"href":"https:\/\/www.landrea.net\/index.php\/wp-json\/wp\/v2\/pages\/1333\/revisions"}],"predecessor-version":[{"id":1341,"href":"https:\/\/www.landrea.net\/index.php\/wp-json\/wp\/v2\/pages\/1333\/revisions\/1341"}],"wp:attachment":[{"href":"https:\/\/www.landrea.net\/index.php\/wp-json\/wp\/v2\/media?parent=1333"}],"curies":[{"name":"wp","href":"https:\/\/api.w.org\/{rel}","templated":true}]}}