{"id":1293,"date":"2021-12-05T12:02:13","date_gmt":"2021-12-05T11:02:13","guid":{"rendered":"http:\/\/www.landrea.net\/?page_id=1293"},"modified":"2021-12-05T12:07:20","modified_gmt":"2021-12-05T11:07:20","slug":"ressource-32","status":"publish","type":"page","link":"https:\/\/www.landrea.net\/index.php\/ressource-32\/","title":{"rendered":"J\u2019arrive pas \u00e0 respirer\u2026"},"content":{"rendered":"<p class=\"K-Titre-Centre\"> J\u2019arrive pas \u00e0 respirer\u2026 <\/p>\n<div class=\"K-Image-Origine\"><a href=\"http:\/\/www.landrea.net\/index.php\/lukasa\/\"><img loading=\"lazy\" decoding=\"async\" src=\"http:\/\/www.landrea.net\/wp-content\/uploads\/2021\/12\/Lukasa-00-Origine-210x300.png\" alt=\"\" width=\"210\" height=\"300\" \/><\/a>Retour au Lukasa<\/div>\n<div class=\"K-Image-Centre\"><img loading=\"lazy\" decoding=\"async\" src=\"http:\/\/www.landrea.net\/wp-content\/uploads\/2021\/12\/Lukasa-32-Image.png\" alt=\"\" width=\"200\" height=\"274\" \/>\n<\/div>\n<p class=\"K-Texte-Gauche K-Texte\">Ce 25 mai de l\u2019an 2020     une fois de plus<br \/>\nUn officier de police au c\u0153ur p\u00e9trifi\u00e9      pauvre homme ab\u00eem\u00e9<br \/>\nM\u2019a clou\u00e9 au sol     Il a pos\u00e9 son genou pesant sur mon cou<br \/>\nNeuf minutes tout une \u00e9ternit\u00e9      comme cela se passe depuis des si\u00e8cles<\/p>\n<p class=\"K-Texte-Gauche K-Texte\">S\u2019il vous pla\u00eet j\u2019arrive pas \u00e0 respirer\u2026   S\u2019il vous pla\u00eet je manque d\u2019air\u2026<br \/>\nS\u2019il vous pla\u00eet j\u2019\u00e9touffe\u2026     S\u2019il vous pla\u00eet le genou sur mon cou\u2026<br \/>\nJ\u2019peux pas bouger\u2026     Maman ! Maman !<br \/>\nJ\u2019peux pas\u2026\u00a0   J\u2019ai mal au ventre\u2026<br \/>\nJ\u2019ai mal au cou\u2026    J\u2019ai mal partout\u2026<br \/>\nDe l\u2019eau\u2026 quelque chose\u2026    S\u2019il vous pla\u00eet\u2026<br \/>\nNe me tuez pas\u2026     Vous allez me tuer\u2026<br \/>\nIls vont me tuer\u2026    J\u2019peux plus respirer\u2026<br \/>\nS\u2019il vous pla\u00eet m\u2019sieur\u2026     ne me tuez pas<br \/>\nS\u2019il vous pla\u00eet\u2026     S\u2019il vous pla\u00eet\u2026<\/p>\n<p class=\"K-Texte-Gauche K-Texte\">Je m\u2019appelle George Floyd     Breonna Taylor    Botham Jean     Stephon Clark<br \/>\nPhilando Castile     Alton Sterling     Jamar Clark     Freddie Gray<br \/>\nWalter Scott     Tamir Rice   Laquan MacDonald    Michael Brown<br \/>\nEric Garner     Je porte d\u2019innombrables autres noms<br \/>\nRe\u00e7us au cours de nombreuses d\u00e9cennies      depuis le r\u00e8gne du Ku Klux Klan<br \/>\nDepuis le temps de la traite      depuis les cales sombres des bateaux n\u00e9griers<br \/>\nO\u00f9 durant des semaines de travers\u00e9e      j\u2019ai manqu\u00e9 cruellement d\u2019air<\/p>\n<p class=\"K-Texte-Gauche K-Texte\">Ne suis-je pas     Celui-qui-manque-d\u2019air-depuis-cinq-si\u00e8cles-entiers<br \/>\nDepuis ces sinistres ann\u00e9es 1440      o\u00f9 captif d\u00e9shumanis\u00e9 du continent razzi\u00e9<br \/>\nJe fus d\u00e9port\u00e9 vers la p\u00e9ninsule ib\u00e9rique     puis vers les Antilles et autres Am\u00e9riques<br \/>\nComme marchandise comme esclave     monnayable et corv\u00e9able \u00e0 merci<br \/>\nAvec la b\u00e9n\u00e9diction des \u00e9glises saintes     et le silence des philosophes dits \u00e9clair\u00e9s ?<\/p>\n<p class=\"K-Texte-Gauche K-Texte\">R\u00e9put\u00e9 b\u00eate dangereuse et ind\u00e9sirable     je suis toujours pourchass\u00e9 toujours traqu\u00e9<br \/>\nLos Angeles ou New York ou Chicago     Texas ou Minneapolis ou Montr\u00e9al<br \/>\nDu nord au sud d\u2019une c\u00f4te \u00e0 l\u2019autre     o\u00f9 que j\u2019aille je suis victime de profilage racial<br \/>\nJe suis l\u2019animal qu\u2019on abat sans vergogne     sans craindre aucune sanction s\u00e9rieuse  <\/p>\n<p class=\"K-Texte-Gauche K-Texte\">Or \u00e0 la fois fragile et puissant     un genou obstin\u00e9 me tue qu\u2019il ne puisse m\u2019an\u00e9antir<br \/>\nJe suis Vie-qui-ne-s\u2019\u00e9teint-point    sans-provoquer un s\u00e9isme sans \u00e9branler le monde\u00a0 <\/p>\n<p class=\"K-Texte-Gauche K-Texte\">Braves gens r\u00e9unis dans cette agora accueillante     ce dimanche 7 juin de l\u2019an 2020<br \/>\nMon c\u0153ur est rempli d\u2019all\u00e9gresse et d\u2019espoir      Il chante il danse il rend gr\u00e2ce<br \/>\nD\u2019\u00eatre entour\u00e9 de s\u0153urs et fr\u00e8res      au c\u0153ur aimant aux couleurs arc-en-ciel<br \/>\nPour d\u00e9noncer l\u2019injustice le m\u00e9pris la violence     pour d\u00e9noncer le racisme d\u00e9gradant<br \/>\nPour proclamer devant le monde et la nature t\u00e9moins      notre commune noblesse <\/p>\n","protected":false},"excerpt":{"rendered":"<p>J\u2019arrive pas \u00e0 respirer\u2026 Retour au Lukasa Ce 25 mai de l\u2019an 2020 une fois de plus Un officier de police au c\u0153ur p\u00e9trifi\u00e9 pauvre homme ab\u00eem\u00e9 M\u2019a clou\u00e9 au sol Il a pos\u00e9 son genou pesant sur mon cou Neuf minutes tout une \u00e9ternit\u00e9 comme cela se passe depuis des si\u00e8cles S\u2019il vous pla\u00eet &hellip; <\/p>\n<p class=\"link-more\"><a href=\"https:\/\/www.landrea.net\/index.php\/ressource-32\/\" class=\"more-link\">Continuer la lecture<span class=\"screen-reader-text\"> de &laquo;&nbsp;J\u2019arrive pas \u00e0 respirer\u2026&nbsp;&raquo;<\/span><\/a><\/p>\n","protected":false},"author":1,"featured_media":0,"parent":0,"menu_order":0,"comment_status":"closed","ping_status":"closed","template":"","meta":{"spay_email":"","footnotes":""},"class_list":["post-1293","page","type-page","status-publish","hentry"],"_links":{"self":[{"href":"https:\/\/www.landrea.net\/index.php\/wp-json\/wp\/v2\/pages\/1293","targetHints":{"allow":["GET"]}}],"collection":[{"href":"https:\/\/www.landrea.net\/index.php\/wp-json\/wp\/v2\/pages"}],"about":[{"href":"https:\/\/www.landrea.net\/index.php\/wp-json\/wp\/v2\/types\/page"}],"author":[{"embeddable":true,"href":"https:\/\/www.landrea.net\/index.php\/wp-json\/wp\/v2\/users\/1"}],"replies":[{"embeddable":true,"href":"https:\/\/www.landrea.net\/index.php\/wp-json\/wp\/v2\/comments?post=1293"}],"version-history":[{"count":6,"href":"https:\/\/www.landrea.net\/index.php\/wp-json\/wp\/v2\/pages\/1293\/revisions"}],"predecessor-version":[{"id":1299,"href":"https:\/\/www.landrea.net\/index.php\/wp-json\/wp\/v2\/pages\/1293\/revisions\/1299"}],"wp:attachment":[{"href":"https:\/\/www.landrea.net\/index.php\/wp-json\/wp\/v2\/media?parent=1293"}],"curies":[{"name":"wp","href":"https:\/\/api.w.org\/{rel}","templated":true}]}}