{"id":1251,"date":"2021-12-04T21:52:38","date_gmt":"2021-12-04T20:52:38","guid":{"rendered":"http:\/\/www.landrea.net\/?page_id=1251"},"modified":"2021-12-05T11:21:00","modified_gmt":"2021-12-05T10:21:00","slug":"ressource-29","status":"publish","type":"page","link":"https:\/\/www.landrea.net\/index.php\/ressource-29\/","title":{"rendered":"Trochilid\u00e9 dit Colibri"},"content":{"rendered":"<p class=\"K-Titre-Centre\">Trochilid\u00e9 dit Colibri<\/p>\n<div class=\"K-Image-Droite\"><a href=\"http:\/\/www.landrea.net\/index.php\/lukasa\/\"><img loading=\"lazy\" decoding=\"async\" src=\"http:\/\/www.landrea.net\/wp-content\/uploads\/2021\/12\/Lukasa-00-Origine-210x300.png\" alt=\"\" width=\"210\" height=\"300\" \/><\/a>Retour au Lukasa<\/div>\n<div style=\"width:100%;\">\n<div class=\"K-Image-Centre\"><img loading=\"lazy\" decoding=\"async\" src=\"http:\/\/www.landrea.net\/wp-content\/uploads\/2021\/12\/Lukasa-29-Image.png\" alt=\"\" width=\"234\" height=\"268\" \/>\n<\/div>\n<p class=\"K-Texte-Centre K-Texte\">Ma Pr\u00e9cieuse Amie<br \/>\nJ\u2019ai entendu ta question\u00a0:<br \/>\nDis-moi s\u2019il te pla\u00eet po\u00e8te \u00e9clair\u00e9<br \/>\nComment fait-t-on pour transformer<br \/>\nUn \u00eatre bris\u00e9 et presque d\u00e9sensibilis\u00e9<br \/>\nPar les \u00e9preuves et l\u2019\u00e2pret\u00e9 du monde<br \/>\nPeut-\u00eatre aussi par les caprices du sort<br \/>\nEn \u00eatre d\u2019ouverture assez transparent<br \/>\nPour laisser passer la lumi\u00e8re du soleil<br \/>\nPour entendre le murmure des muses<br \/>\nQui inspirent des \u0153uvres de beaut\u00e9<br \/>\nQui rendent capable de savourer<br \/>\nChaque instant devenu infini ?<\/p>\n<p class=\"K-Texte-Centre K-Texte\">Tu veux savoir     comment devenir assez mall\u00e9able<br \/>\nPour se laisser transporter    par le g\u00e9nie ou la bont\u00e9<br \/>\nOu comment avoir acc\u00e8s     \u00e0 l\u2019exp\u00e9rience esth\u00e9tique<\/p>\n<p class=\"K-Texte-Centre K-Texte\">Or les r\u00e9ponses \u00e0 ces questions    ne se trouvent<br \/>\nNi dans les facult\u00e9s     ni dans les trait\u00e9s savants<br \/>\nMais dans le chant les oc\u00e9ans    les b\u00e9b\u00e9s naissants<br \/>\nEt dans les enseignements     de ma\u00eetres \u00e0 penser<br \/>\nAbondants dans la Nature     pleine de myst\u00e8res<br \/>\nAlors je donne la parole    \u00e0 Ma\u00eetre Trochilid\u00e9<\/p>\n<p class=\"K-Texte-Centre K-Texte\">On m\u2019appelle     Colibri ou Oiseau-mouche<br \/>\nMais mon nom v\u00e9ritable      c\u2019est Trochilid\u00e9<\/p>\n<p class=\"K-Texte-Centre K-Texte\">J\u2019apparais au monde    sous diverses formes<br \/>\nEt me singularisent     mes reflets iridescents<br \/>\nAh oui je d\u00e9teste me salir   au contact du sol<br \/>\nNe suis-je pas    Celui-qui-dort-en-hauteur\u00a0?<\/p>\n<p class=\"K-Texte-Centre K-Texte\">De pr\u00e9f\u00e9rence     je me tiens sur une branche<br \/>\nOu carr\u00e9ment en l\u2019air\u00a0     en parfait \u00e9quilibre !<\/p>\n<p class=\"K-Texte-Centre K-Texte\">Expert de vols     de styles cr\u00e9atifs\u00a0:<br \/>\n\u00c0 la verticale    vers l\u2019avant ou l\u2019arri\u00e8re<br \/>\nOu m\u00eame sur place    nul ne m\u2019\u00e9gale !<\/p>\n<p class=\"K-Texte-Centre K-Texte\">Ma\u00eetre-de-la-voltige reconnu<br \/>\nJe suis \u00e9quilibriste-ph\u00e9nom\u00e9nal<br \/>\nDe plus j\u2019entends les ultra-sons<br \/>\nEt je vois les ultra-violets<br \/>\nTant est fine mon ou\u00efe\u00a0!<br \/>\nTant est fine ma vue\u00a0!<br \/>\nOui je suis unique<br \/>\nEn mon genre\u00a0!<\/p>\n<\/div>\n","protected":false},"excerpt":{"rendered":"<p>Trochilid\u00e9 dit Colibri Retour au Lukasa Ma Pr\u00e9cieuse Amie J\u2019ai entendu ta question\u00a0: Dis-moi s\u2019il te pla\u00eet po\u00e8te \u00e9clair\u00e9 Comment fait-t-on pour transformer Un \u00eatre bris\u00e9 et presque d\u00e9sensibilis\u00e9 Par les \u00e9preuves et l\u2019\u00e2pret\u00e9 du monde Peut-\u00eatre aussi par les caprices du sort En \u00eatre d\u2019ouverture assez transparent Pour laisser passer la lumi\u00e8re du soleil &hellip; <\/p>\n<p class=\"link-more\"><a href=\"https:\/\/www.landrea.net\/index.php\/ressource-29\/\" class=\"more-link\">Continuer la lecture<span class=\"screen-reader-text\"> de &laquo;&nbsp;Trochilid\u00e9 dit Colibri&nbsp;&raquo;<\/span><\/a><\/p>\n","protected":false},"author":1,"featured_media":0,"parent":0,"menu_order":0,"comment_status":"closed","ping_status":"closed","template":"","meta":{"spay_email":"","footnotes":""},"class_list":["post-1251","page","type-page","status-publish","hentry"],"_links":{"self":[{"href":"https:\/\/www.landrea.net\/index.php\/wp-json\/wp\/v2\/pages\/1251","targetHints":{"allow":["GET"]}}],"collection":[{"href":"https:\/\/www.landrea.net\/index.php\/wp-json\/wp\/v2\/pages"}],"about":[{"href":"https:\/\/www.landrea.net\/index.php\/wp-json\/wp\/v2\/types\/page"}],"author":[{"embeddable":true,"href":"https:\/\/www.landrea.net\/index.php\/wp-json\/wp\/v2\/users\/1"}],"replies":[{"embeddable":true,"href":"https:\/\/www.landrea.net\/index.php\/wp-json\/wp\/v2\/comments?post=1251"}],"version-history":[{"count":9,"href":"https:\/\/www.landrea.net\/index.php\/wp-json\/wp\/v2\/pages\/1251\/revisions"}],"predecessor-version":[{"id":1280,"href":"https:\/\/www.landrea.net\/index.php\/wp-json\/wp\/v2\/pages\/1251\/revisions\/1280"}],"wp:attachment":[{"href":"https:\/\/www.landrea.net\/index.php\/wp-json\/wp\/v2\/media?parent=1251"}],"curies":[{"name":"wp","href":"https:\/\/api.w.org\/{rel}","templated":true}]}}