{"id":1238,"date":"2021-12-04T21:31:59","date_gmt":"2021-12-04T20:31:59","guid":{"rendered":"http:\/\/www.landrea.net\/?page_id=1238"},"modified":"2021-12-05T11:15:22","modified_gmt":"2021-12-05T10:15:22","slug":"ressource-26","status":"publish","type":"page","link":"https:\/\/www.landrea.net\/index.php\/ressource-26\/","title":{"rendered":"Je suis Araign\u00e9e"},"content":{"rendered":"<p class=\"K-Titre-Centre\">Je suis Araign\u00e9e<\/p>\n<p class=\"K-Titre-Centre\">I<\/p>\n<div class=\"K-Image-Origine\"><a href=\"http:\/\/www.landrea.net\/index.php\/lukasa\/\"><img loading=\"lazy\" decoding=\"async\" src=\"http:\/\/www.landrea.net\/wp-content\/uploads\/2021\/12\/Lukasa-00-Origine-210x300.png\" alt=\"\" width=\"210\" height=\"300\" \/><\/a>Retour au Lukasa<\/div>\n<div class=\"K-Image-Centre\"><img loading=\"lazy\" decoding=\"async\" src=\"http:\/\/www.landrea.net\/wp-content\/uploads\/2021\/12\/Lukasa-26-Image-165x300.png\" alt=\"\" width=\"185\" height=\"300\" \/>\n<\/div>\n<p class=\"K-Texte-Centre K-Texte\">Dans le jardin un matin d&rsquo;automne \u00e0 Kamouraska<br \/>\nUne araign\u00e9e monte descend elle danse dans l&rsquo;air<br \/>\nJ&rsquo;approche \u2013 Elle accomplit concentr\u00e9e sa besogne<br \/>\nTendant l&rsquo;oreille je l&rsquo;entends \u00e9noncer ses noms :<\/p>\n<p class=\"K-Texte-Centre K-Texte\">Je suis Araign\u00e9e S\u00e9cr\u00e9trice-de-soie Tisseuse-de-toiles<br \/>\nMon g\u00e9nie se d\u00e9ploie dans le tissage de toiles-pi\u00e8ges<br \/>\nJe tisse des toiles de toutes tailles et de toutes formes<br \/>\nDans tous milieux \u00e0 travers le monde je suis Ubiquiste<\/p>\n<p class=\"K-Texte-Centre K-Texte\">Je pose d&rsquo;abord un fil de soutien sur une branche une tige<br \/>\nEnsuite je fabrique mon cadre pourvu de rayons non collants<br \/>\nAu centre je tisse ma spirale non collante pour moi-m\u00eame<br \/>\nEnfin je pose une spirale collante sur les rayons pour mes proies<\/p>\n<p class=\"K-Texte-Centre K-Texte\">Je m&rsquo;installe silencieuse au centre de mon \u0153uvre et j&rsquo;attends<br \/>\nDepuis l\u00e0 je contr\u00f4le par vibrations chaque point de ma toile<br \/>\nQu&rsquo;une prodigue mouche vienne s&rsquo;offrir je la localise aussit\u00f4t<br \/>\nJe cours alors jusqu&rsquo;\u00e0 elle et m&rsquo;en repais en louant le ciel<\/p>\n<p class=\"K-Texte-Centre K-Texte\">Souvent par m\u00e9chancet\u00e9 ou par ignorance<br \/>\nPar jalousie ou par simple arachnophobie<br \/>\nD&rsquo;autres vivants d\u00e9truisent mes \u0153uvres<br \/>\nEt s&rsquo;acharnent \u00e0 m&rsquo;\u00e9liminer moi-m\u00eame<\/p>\n<p class=\"K-Texte-Centre K-Texte\">Mais je ne meurs jamais pour de bon<br \/>\nJe resurgis et je me redresse toujours<br \/>\nEt je recommence et reconstruis toujours<br \/>\nEt j&rsquo;existe depuis plus de deux cents mille ans<\/p>\n<p class=\"K-Texte-Centre K-Texte\">Quand on croit me tuer je suis plus vivante que jamais<br \/>\nComme sont de plus en plus vivants les exil\u00e9s razzi\u00e9s<br \/>\nCelles et ceux qu&rsquo;on crut an\u00e9antir depuis la traite<br \/>\nEt qui surv\u00e9curent gr\u00e2ce \u00e0 leurs liens au sacr\u00e9<\/p>\n<p class=\"K-Texte-Centre K-Texte\">Je suis Pers\u00e9v\u00e9rance je suis Patience<br \/>\nSolitaire je demeure fid\u00e8le \u00e0 ma vocation<br \/>\nLes gens d&rsquo;Afrique m&rsquo;ont surnomm\u00e9e :<br \/>\nCelle-qui-n&rsquo;a-pas-besoin-de-barque<\/p>\n<p class=\"K-Texte-Centre K-Texte\">Car je suis l&rsquo;Autonome je fabrique mes outils<br \/>\nPour me nourrir pour traverser les airs les fleuves<br \/>\nJe suis la Responsable je prends ma vie en mains<br \/>\nJ&rsquo;inspire tous ceux qui ont soif de libert\u00e9<\/p>\n<p class=\"K-Texte-Centre K-Texte\">Aran\u00e9ide Arthropode Arachnide Anansi<br \/>\nJe vais de mue en mue jusqu&rsquo;\u00e0 ma maturit\u00e9<br \/>\nPr\u00e9datrice je suis friande d&rsquo;organismes volants<br \/>\nJe me laisse aussi savourer par souci de r\u00e9gulation<\/p>\n<p class=\"K-Texte-Centre K-Texte\">Seuls les Maasa\u00ef de la Savane sont aussi sages<br \/>\nQui se nourrissent de lait au sang frais et de viande<br \/>\nAussi longtemps qu&rsquo;ils respirent dansent et pensent<br \/>\nEt qui rendent aux fauves leur corps sit\u00f4t d\u00e9sanim\u00e9<\/p>\n<p class=\"K-Texte-Centre K-Texte\">Qu&rsquo;est-ce que mes d\u00e9fis et ma vie m&rsquo;enseignent?<br \/>\nVivre ne consiste pas juste \u00e0 manger et \u00eatre mang\u00e9<br \/>\nC&rsquo;est plut\u00f4t se nourrir des autres et les nourrir de soi<br \/>\nEt le bonheur est plus intense lorsqu&rsquo;il est partag\u00e9<\/p>\n<p class=\"K-Texte-Centre K-Texte\">Font partie de ma grande famille Goliath la mygale g\u00e9ante<br \/>\nArgyronete Ichtyophage, Bagheera Kiplingi la V\u00e9g\u00e9tarienne<br \/>\nVeuve Noire la Redoutable et Tarentule d&rsquo;Italie la Mythique<br \/>\nEt tant d&rsquo;autres diurnes et nocturnes &#8211; bref je suis Diversit\u00e9<\/p>\n<p class=\"K-Texte-Centre K-Texte\">Mes techniques de chasse sont elles aussi vari\u00e9es:<br \/>\nLe pi\u00e8ge mais aussi la chasse \u00e0 courre et la chasse \u00e0 l&rsquo;aff\u00fbt<br \/>\nGr\u00e2ce \u00e0 ma vue favoris\u00e9e par mes yeux multiples et efficaces<br \/>\nEt gr\u00e2ce \u00e0 ma patience illimit\u00e9e et mon venin neurotoxique<\/p>\n<p class=\"K-Texte-Centre K-Texte\">Cr\u00e9atrice cosmique j&rsquo;ai inspir\u00e9 les Anciens de diverses fa\u00e7ons<br \/>\nEn Gr\u00e8ce la Belle Arachn\u00e9 se vanta d&rsquo;\u00eatre la meilleure tisseuse<br \/>\nJalouse et furieuse Ath\u00e9na d\u00e9truisit son \u0153uvre &#8211; Elle se suicida<br \/>\nToutefois prise de remords Ath\u00e9na la transforma en araign\u00e9e<\/p>\n","protected":false},"excerpt":{"rendered":"<p>Je suis Araign\u00e9e I Retour au Lukasa Dans le jardin un matin d&rsquo;automne \u00e0 Kamouraska Une araign\u00e9e monte descend elle danse dans l&rsquo;air J&rsquo;approche \u2013 Elle accomplit concentr\u00e9e sa besogne Tendant l&rsquo;oreille je l&rsquo;entends \u00e9noncer ses noms : Je suis Araign\u00e9e S\u00e9cr\u00e9trice-de-soie Tisseuse-de-toiles Mon g\u00e9nie se d\u00e9ploie dans le tissage de toiles-pi\u00e8ges Je tisse des &hellip; <\/p>\n<p class=\"link-more\"><a href=\"https:\/\/www.landrea.net\/index.php\/ressource-26\/\" class=\"more-link\">Continuer la lecture<span class=\"screen-reader-text\"> de &laquo;&nbsp;Je suis Araign\u00e9e&nbsp;&raquo;<\/span><\/a><\/p>\n","protected":false},"author":1,"featured_media":0,"parent":0,"menu_order":0,"comment_status":"closed","ping_status":"closed","template":"","meta":{"spay_email":"","footnotes":""},"class_list":["post-1238","page","type-page","status-publish","hentry"],"_links":{"self":[{"href":"https:\/\/www.landrea.net\/index.php\/wp-json\/wp\/v2\/pages\/1238","targetHints":{"allow":["GET"]}}],"collection":[{"href":"https:\/\/www.landrea.net\/index.php\/wp-json\/wp\/v2\/pages"}],"about":[{"href":"https:\/\/www.landrea.net\/index.php\/wp-json\/wp\/v2\/types\/page"}],"author":[{"embeddable":true,"href":"https:\/\/www.landrea.net\/index.php\/wp-json\/wp\/v2\/users\/1"}],"replies":[{"embeddable":true,"href":"https:\/\/www.landrea.net\/index.php\/wp-json\/wp\/v2\/comments?post=1238"}],"version-history":[{"count":11,"href":"https:\/\/www.landrea.net\/index.php\/wp-json\/wp\/v2\/pages\/1238\/revisions"}],"predecessor-version":[{"id":1272,"href":"https:\/\/www.landrea.net\/index.php\/wp-json\/wp\/v2\/pages\/1238\/revisions\/1272"}],"wp:attachment":[{"href":"https:\/\/www.landrea.net\/index.php\/wp-json\/wp\/v2\/media?parent=1238"}],"curies":[{"name":"wp","href":"https:\/\/api.w.org\/{rel}","templated":true}]}}