{"id":1194,"date":"2021-12-04T09:10:07","date_gmt":"2021-12-04T08:10:07","guid":{"rendered":"http:\/\/www.landrea.net\/?page_id=1194"},"modified":"2021-12-05T11:16:57","modified_gmt":"2021-12-05T10:16:57","slug":"ressource-16","status":"publish","type":"page","link":"https:\/\/www.landrea.net\/index.php\/ressource-16\/","title":{"rendered":"La Passion selon Saint-Mathieu"},"content":{"rendered":"<p class=\"K-Titre-Centre\">La Passion selon Saint-Mathieu<br \/>\n(Semaine de gr\u00e2ce)\n<\/p>\n<div class=\"K-Image-Droite\"><a href=\"http:\/\/www.landrea.net\/index.php\/lukasa\/\"><img loading=\"lazy\" decoding=\"async\" src=\"http:\/\/www.landrea.net\/wp-content\/uploads\/2021\/12\/Lukasa-16-Origine-300x107.png\" alt=\"\" width=\"300\" height=\"107\" \/><\/a>Retour au Lukasa<\/div>\n<div style=\"width:100%;\">\n<p class=\"K-Texte-Centre K-Texte\">Hier soir c\u2019\u00e9tait la Passion selon Saint-Mathieu<br \/>\nPar l\u2019Orchestre Symphonique de Montr\u00e9al<br \/>\nSous la direction de Kent Nagano<\/p>\n<p class=\"K-Texte-Centre K-Texte\">La salle de concert tout en bois<br \/>\n\u00c9voque un coin du Paradis<br \/>\nMirifique et miraculeux\u00a0!<\/p>\n<p class=\"K-Texte-Centre K-Texte\">Bach et ses semblables<br \/>\nSont des hommes-firmaments<br \/>\nSortis de l\u2019atelier divin de cr\u00e9ation<br \/>\nSouvent ils \u00e9mulent leur Ma\u00eetre<br \/>\nSouvent le Ma\u00eetre est jaloux<br \/>\nQui confessa un jour\u00a0:<br \/>\nMoi Jhwh ton Dieu<br \/>\nJe suis un Dieu jaloux<\/p>\n<p class=\"K-Texte-Centre K-Texte\">Voici un \u00e9pisode remarquable<br \/>\nDe l\u2019\u00e9pop\u00e9e de J\u00e9sus de Nazareth<br \/>\nFils-de-l\u2019Homme dit Fils-unique-de-Dieu<br \/>\nFils de Marie \u00e9pouse de Joseph La-Pleine-de-gr\u00e2ce<br \/>\nAmi intime de Marie-Madeleine La-Pleine-de-beaut\u00e9<br \/>\nGuide-sans-pareil-aux-disciples-sans-nombre<br \/>\nVedette-qui-reste-des-mill\u00e9naires-\u00e0-l\u2019affiche<br \/>\nEnseignant excellent qui enseigna \u00e0 aimer<br \/>\nR\u00e9volutionnaire venu apprendre aux Juifs<br \/>\nDe nouvelles mani\u00e8res d\u2019\u00eatre au monde<br \/>\nCelui-qui-multiplie-le-pain-et-le-poisson<br \/>\nCelui-qui-r\u00e9siste-\u00e0-Lucifer-ange-rebelle<br \/>\nLa-Voie-qui-conduit-\u00e0-l\u2019Esprit-Supr\u00eame<br \/>\nIntelligence-en-avance-sur-son-temps<br \/>\nMagicien-in\u00e9gal\u00e9-source-de-miracles<br \/>\nCelui-qui-transmute-l\u2019eau-en-vin<br \/>\nCelui-qui-gu\u00e9rit-les-paralytiques<br \/>\nCelui-qui-ressuscite-les-morts<br \/>\nCelui-qui-triomphe-de-la-mort<\/p>\n<p class=\"K-Texte-Droite K-Texte\">Cet homme par excellence<br \/>\nUnique en son genre<br \/>\nFut captur\u00e9<br \/>\nJug\u00e9 sommairement<br \/>\nEt mis \u00e0 mort<br \/>\nSur une immonde croix\u00a0!<\/p>\n<p class=\"K-Texte-Centre K-Texte\">Jean-S\u00e9bastien Bach<br \/>\nCantor de Leipzig g\u00e9nial conteur<br \/>\nA su raconter cette histoire tragique<br \/>\nCelle du h\u00e9ros destin\u00e9 \u00e0 une mort violente<br \/>\nAvec des fl\u00fbtes des orgues et des clarinettes<br \/>\nAvec des barytons des sopranos et des basses<br \/>\nCr\u00e9ant des vibrations magiques enchev\u00eatr\u00e9es<br \/>\nProvoquant de myst\u00e9rieuses r\u00e9sonances<br \/>\nAu plus intime de notre \u00eatre r\u00e9volt\u00e9<br \/>\nNous mettant en contact direct<br \/>\nAvec le divin<\/p>\n<p class=\"K-Texte-Centre K-Texte\">Je rends gr\u00e2ce<br \/>\nDe pouvoir toucher \u00e0 la Beaut\u00e9<br \/>\nDe voir un reflet de l\u2019Absolu !<\/p>\n<p class=\"K-Texte-Centre K-Texte\">Apr\u00e8s \u00e7a<br \/>\nTout discours sur Dieu ou sur la foi<br \/>\nDevient pur bruit !<\/p>\n","protected":false},"excerpt":{"rendered":"<p>La Passion selon Saint-Mathieu (Semaine de gr\u00e2ce) Retour au Lukasa Hier soir c\u2019\u00e9tait la Passion selon Saint-Mathieu Par l\u2019Orchestre Symphonique de Montr\u00e9al Sous la direction de Kent Nagano La salle de concert tout en bois \u00c9voque un coin du Paradis Mirifique et miraculeux\u00a0! Bach et ses semblables Sont des hommes-firmaments Sortis de l\u2019atelier divin de &hellip; <\/p>\n<p class=\"link-more\"><a href=\"https:\/\/www.landrea.net\/index.php\/ressource-16\/\" class=\"more-link\">Continuer la lecture<span class=\"screen-reader-text\"> de &laquo;&nbsp;La Passion selon Saint-Mathieu&nbsp;&raquo;<\/span><\/a><\/p>\n","protected":false},"author":1,"featured_media":0,"parent":0,"menu_order":0,"comment_status":"closed","ping_status":"closed","template":"","meta":{"spay_email":"","footnotes":""},"class_list":["post-1194","page","type-page","status-publish","hentry"],"_links":{"self":[{"href":"https:\/\/www.landrea.net\/index.php\/wp-json\/wp\/v2\/pages\/1194","targetHints":{"allow":["GET"]}}],"collection":[{"href":"https:\/\/www.landrea.net\/index.php\/wp-json\/wp\/v2\/pages"}],"about":[{"href":"https:\/\/www.landrea.net\/index.php\/wp-json\/wp\/v2\/types\/page"}],"author":[{"embeddable":true,"href":"https:\/\/www.landrea.net\/index.php\/wp-json\/wp\/v2\/users\/1"}],"replies":[{"embeddable":true,"href":"https:\/\/www.landrea.net\/index.php\/wp-json\/wp\/v2\/comments?post=1194"}],"version-history":[{"count":6,"href":"https:\/\/www.landrea.net\/index.php\/wp-json\/wp\/v2\/pages\/1194\/revisions"}],"predecessor-version":[{"id":1275,"href":"https:\/\/www.landrea.net\/index.php\/wp-json\/wp\/v2\/pages\/1194\/revisions\/1275"}],"wp:attachment":[{"href":"https:\/\/www.landrea.net\/index.php\/wp-json\/wp\/v2\/media?parent=1194"}],"curies":[{"name":"wp","href":"https:\/\/api.w.org\/{rel}","templated":true}]}}