{"id":1182,"date":"2021-12-03T22:39:56","date_gmt":"2021-12-03T21:39:56","guid":{"rendered":"http:\/\/www.landrea.net\/?page_id=1182"},"modified":"2021-12-05T11:15:47","modified_gmt":"2021-12-05T10:15:47","slug":"ressource-06","status":"publish","type":"page","link":"https:\/\/www.landrea.net\/index.php\/ressource-06\/","title":{"rendered":"Colon &#038; Nsonga"},"content":{"rendered":"<p class=\"K-Titre-Centre\">Colon &#038; Nsonga\n<\/p>\n<div class=\"K-Image-Droite\" style=\"position:absolute; width:20%;\" ><a href=\"http:\/\/www.landrea.net\/index.php\/lukasa\/\"><img decoding=\"async\" src=\"http:\/\/www.landrea.net\/wp-content\/uploads\/2021\/12\/Lukasa-06-Origine-300x86.png\" alt=\"\" width=\"300\"  \/><\/a>Retour au Lukasa<\/div>\n<div style=\"width:100%;\">\n<p class=\"K-Texte-Centre K-Texte\">Je suis en 2\u00e8me ann\u00e9e j\u2019ai neuf ans    J\u2019ai une belle voix<br \/>\nLe pr\u00eatre m\u2019accueille   dans sa chorale en pleine r\u00e9p\u00e9tition<br \/>\nLe enfants chantent si bien\u00a0:   \u00ab\u00a0\u00c7a doit \u00eatre \u00e7a, le paradis\u00a0!\u00a0\u00bb<br \/>\nJusqu\u2019\u00e0 ce jour ce chant r\u00e9sonne en moi\u00a0!       C\u2019\u00e9tait Mozart<br \/>\nCelui-qui-a-visit\u00e9-le-Paradis-\u00a0  et-en-a-ramen\u00e9-les-m\u00e9lodies<\/p>\n<p class=\"K-Texte-Centre K-Texte\">Je chante dans la chorale     Je vis chez Ns\u00f2nga ma mar\u00e2tre<br \/>\nAu milieu de ses enfants qu\u2019elle g\u00e2te et pourrit   Je suis le boy<br \/>\nMa m\u00e8re avait \u00e9t\u00e9 r\u00e9pudi\u00e9e     alors que j\u2019avais quelques mois<br \/>\nElle \u00e9tait peu soumise elle pensait   Elle mena\u00e7ait le patriarcat\u00a0!<br \/>\nOn lui interdit l\u2019acc\u00e8s \u00e0 moi    en raison d\u2019une coutume cruelle\u00a0:<br \/>\nDans mon pays d\u2019origine    l\u2019enfant appartient au clan du p\u00e8re\u00a0!<br \/>\nOr Colon est polygame   Quand il appara\u00eet il est ivre et m\u00e9chant<br \/>\nIl nous bat tous Ns\u00f2nga y compris   pour affirmer son autorit\u00e9\u00a0!<br \/>\nJe garde l\u2019image d\u2019un p\u00e8re violent   cependant ais\u00e9 et intelligent<br \/>\nQui jouissait d\u2019une belle notori\u00e9t\u00e9   Et j\u2019\u00e9tais fier d\u2019\u00eatre son fils\u00a0!<\/p>\n<p class=\"K-Texte-Centre K-Texte\">La chorale s\u2019appr\u00eate \u00e0 partir en tourn\u00e9e    \u00e0 Kolwezi et Lwena<br \/>\nTous les enfants ont des sacs   pleins de provisions et d\u2019habits<br \/>\nMoi je pars en voyage les mains vides    comme un orphelin\u00a0!<br \/>\nLe train va bient\u00f4t quitter le quai    le chef de train va siffler\u00a0!<br \/>\nArrive in extremis Mans\u00e8\u00e8l\u00e0      une voisine-amie \u00e0 ma m\u00e8re<br \/>\nAvec un panier sur la t\u00eate    Elle a couru elle est essouffl\u00e9e\u00a0!<br \/>\nElle me le tend par la fen\u00eatre\u00a0: \u00a0  \u00ab\u00a0C\u2019est de Mw\u00e2-Kabuta\u00a0!\u00a0\u00bb<br \/>\nJe voyage ravi !     <span style=\"font-weight:600;\">J\u2019AI UNE MAMAN<\/span>     comme les autres\u00a0!<\/p>\n<p class=\"K-Texte-Centre K-Texte\">Elle avait eu vent de la nouvelle   Elle avait fait une trousse<br \/>\nAvec des victuailles      avec des v\u00eatements et des draps de lit<br \/>\nIl fallait pouvoir courir      Elle s\u2019adressa \u00e0 la jeune Mans\u00e8\u00e8l\u00e0\u00a0!<br \/>\n Quand j\u2019\u00e9cris ces vers   tout mon \u00eatre fr\u00e9mit encore de joie\u00a0!<br \/>\nD\u00e9sormais ma vie se passe surtout    \u00e0 la mission catholique<br \/>\nEt dans le monde privil\u00e9gi\u00e9 des Blancs\u00a0:   les salles de concert<br \/>\nEt la base militaire de Kamina    o\u00f9 nous donnons nos r\u00e9citals<br \/>\nLes veilles de No\u00ebl \u00e0 la mission    sont particuli\u00e8rement belles<br \/>\nDes artistes venus d\u2019Europe    nous \u00e9blouissent chaque fois<br \/>\nPar leur ma\u00eetrise de la voix    et par leur noble provenance\u00a0!<\/p>\n<\/div>\n","protected":false},"excerpt":{"rendered":"<p>Colon &#038; Nsonga Retour au Lukasa Je suis en 2\u00e8me ann\u00e9e j\u2019ai neuf ans J\u2019ai une belle voix Le pr\u00eatre m\u2019accueille dans sa chorale en pleine r\u00e9p\u00e9tition Le enfants chantent si bien\u00a0: \u00ab\u00a0\u00c7a doit \u00eatre \u00e7a, le paradis\u00a0!\u00a0\u00bb Jusqu\u2019\u00e0 ce jour ce chant r\u00e9sonne en moi\u00a0! C\u2019\u00e9tait Mozart Celui-qui-a-visit\u00e9-le-Paradis-\u00a0 et-en-a-ramen\u00e9-les-m\u00e9lodies Je chante dans la chorale &hellip; <\/p>\n<p class=\"link-more\"><a href=\"https:\/\/www.landrea.net\/index.php\/ressource-06\/\" class=\"more-link\">Continuer la lecture<span class=\"screen-reader-text\"> de &laquo;&nbsp;Colon &#038; Nsonga&nbsp;&raquo;<\/span><\/a><\/p>\n","protected":false},"author":1,"featured_media":0,"parent":0,"menu_order":0,"comment_status":"closed","ping_status":"closed","template":"","meta":{"spay_email":"","footnotes":""},"class_list":["post-1182","page","type-page","status-publish","hentry"],"_links":{"self":[{"href":"https:\/\/www.landrea.net\/index.php\/wp-json\/wp\/v2\/pages\/1182","targetHints":{"allow":["GET"]}}],"collection":[{"href":"https:\/\/www.landrea.net\/index.php\/wp-json\/wp\/v2\/pages"}],"about":[{"href":"https:\/\/www.landrea.net\/index.php\/wp-json\/wp\/v2\/types\/page"}],"author":[{"embeddable":true,"href":"https:\/\/www.landrea.net\/index.php\/wp-json\/wp\/v2\/users\/1"}],"replies":[{"embeddable":true,"href":"https:\/\/www.landrea.net\/index.php\/wp-json\/wp\/v2\/comments?post=1182"}],"version-history":[{"count":23,"href":"https:\/\/www.landrea.net\/index.php\/wp-json\/wp\/v2\/pages\/1182\/revisions"}],"predecessor-version":[{"id":1273,"href":"https:\/\/www.landrea.net\/index.php\/wp-json\/wp\/v2\/pages\/1182\/revisions\/1273"}],"wp:attachment":[{"href":"https:\/\/www.landrea.net\/index.php\/wp-json\/wp\/v2\/media?parent=1182"}],"curies":[{"name":"wp","href":"https:\/\/api.w.org\/{rel}","templated":true}]}}