{"id":1090,"date":"2021-11-28T23:18:24","date_gmt":"2021-11-28T22:18:24","guid":{"rendered":"http:\/\/www.landrea.net\/?page_id=1090"},"modified":"2021-12-06T18:57:32","modified_gmt":"2021-12-06T17:57:32","slug":"ressource-01","status":"publish","type":"page","link":"https:\/\/www.landrea.net\/index.php\/ressource-01\/","title":{"rendered":"Testament d&rsquo;une m\u00e8re"},"content":{"rendered":"<p class=\"K-Titre-Centre\">Testament d\u2019une m\u00e8re<br \/>\n(Extrait)<\/p>\n<div class=\"K-Image-Origine\"><a href=\"http:\/\/www.landrea.net\/index.php\/lukasa\/\"><img loading=\"lazy\" decoding=\"async\" src=\"http:\/\/www.landrea.net\/wp-content\/uploads\/2021\/11\/Lukasa-01-Origine-300x139.png\" alt=\"\" width=\"300\" height=\"139\" \/><\/a>Retour au Lukasa<\/div>\n<div class=\"K-Image-Centre\"><img loading=\"lazy\" decoding=\"async\" src=\"http:\/\/www.landrea.net\/wp-content\/uploads\/2021\/11\/Lukasa-01-Image-226x300.png\" alt=\"\" width=\"226\" height=\"300\" \/>\n<\/div>\n<p class=\"K-Texte-Centre K-Texte\">Ma m\u00e8re r\u00e9pudi\u00e9e    a d\u00fb me laisser \u00e0 mon p\u00e8re<br \/>\nJ\u2019avais quatre mois     J\u2019avais encore soif de lait maternel<br \/>\nElle s\u2019appelait Ndaay\u00e0 Mw\u00e2Kabuta<sup> 2<\/sup>   et lui Kambal\u00e0 Ambroise<br \/>\nJe l\u2019ai rencontr\u00e9e \u00e0 quelques reprises     Elle a v\u00e9cu jusqu\u2019en 1991<br \/>\nEn r\u00e9alit\u00e9 elle ne m\u2019a jamais quitt\u00e9     Car sa parole est toujours en moi<br \/>\nPlus sonnante que jamais     elle est dans mes oreilles et dans mes muscles<br \/>\nElle est dans le sang qui coule dans mes veines     Elle nourrit toute ma pens\u00e9e<br \/>\nMa m\u00e8re n\u2019est jamais morte Dieu merci     Je ne suis pas orphelin loin s\u2019en faut<br \/>\nJe suis le fruit d\u2019h\u00e9ritages multiples     augment\u00e9s d\u2019apports issus de mon action<\/p>\n<p class=\"K-Texte-Centre K-Texte\">Le ph\u00e9nom\u00e8ne humain      quelle merveille quel myst\u00e8re\u00a0!<br \/>\nVoici les dimensions de l\u2019umuntu      autrement dit la personne<br \/>\nQu\u2019on nomme aussi muntu    en cilub\u00e0 langue de ma m\u00e8re<\/p>\n<p class=\"K-Texte-Centre K-Texte\">Le corps est sa dimension physique visible     et l\u2019esprit sa dimension pensante<br \/>\nLe chi ou wayne bibi est sa dimension divine    la parole sa dimension vibratoire<br \/>\nC\u2019est dans le chi qu\u2019est log\u00e9 le sentiment      de dignit\u00e9 de souverainet\u00e9 de libert\u00e9<br \/>\nC\u2019est le lieu inali\u00e9nable inviolable de l\u2019\u00eatre     C\u2019est peut-\u00eatre l\u2019\u00ab\u00a0\u00e2me\u00a0\u00bb de Cheng<br \/>\nLa parole ph\u00e9nom\u00e8ne vibratoire    se laisse consigner par l\u2019\u00e9criture qui est silence<\/p>\n<p class=\"K-Texte-Centre K-Texte\">Le corps ph\u00e9nom\u00e8ne temporel     s\u2019use et finit par se dissoudre dans la terre-m\u00e8re<br \/>\nStructure ou formule complexe et fragile    il c\u00e8de devant la maladie ou l\u2019accident<br \/>\nL\u2019umuntu ou \u00eatre humain est tel     surtout par ses dimensions supra-temporelles<\/p>\n<p class=\"K-Texte-Centre K-Texte\">\u00c9coutez la voix de ma m\u00e8re   Celle qui ne fr\u00e9quenta jamais l\u2019\u00e9cole occidentale<br \/>\nCelle qui a appris \u00e0 lire et \u00e0 \u00e9crire toute seule     en observant les \u00e9coliers<\/p>\n<p class=\"K-Texte-Gauche K-Texte\">Comment lire et \u00e9crire une lettre\u00a0?     Lorsque tu re\u00e7ois une lettre<br \/>\nLaisse-la d\u2019abord reposer     jusqu\u2019\u00e0 ce que tu oublies que tu as re\u00e7u une lettre<br \/>\nQuand ton esprit est d\u00e9gag\u00e9    reprends la lettre re\u00e7ue et lis-la une fois<br \/>\nLaisse-la encore reposer un jour ou deux     puis reprends-la et relis-la<br \/>\nFais cela pendant cinq jours     Alors seulement commence \u00e0 y r\u00e9pondre\u00a0!<\/p>\n<p class=\"K-Texte-Gauche K-Texte\">D\u2019une mani\u00e8re g\u00e9n\u00e9rale     vous autres gens instruits<br \/>\nQuand vous recevez une lettre      vous la parcourez pr\u00e9cipitamment<br \/>\nEt vous vous mettez \u00e0 r\u00e9pondre     Et vous r\u00e9pondez n\u2019importe quoi\u00a0!<br \/>\nSouvent vous lisez \u00e0 peine et jetez la lettre     Et vous ne r\u00e9pondez pas\u00a0!<\/p>\n<p class=\"K-Texte-Gauche K-Texte\">Toi mon fils en particulier     en t\u2019envoyant en Europe je t\u2019ai perdu<br \/>\nTu y as perdu tes cheveux et la patience     Et tu ne sais toujours pas lire\u00a0!<br \/>\nIl me semble m\u00eame quelquefois    que tu as peur de tout ce qui est \u00e9crit\u00a0!<\/p>\n<p class=\"K-Texte-Gauche K-Texte\">Quand on est dipl\u00f4m\u00e9 qu\u2019on a fini l\u2019\u00e9cole     on n\u2019a pas fini d\u2019apprendre<br \/>\nIl reste \u00e0 aller au-del\u00e0 de l\u2019\u00e9cole     Il reste \u00e0 entrer \u00e0 l\u2019\u00e9cole de la vie<br \/>\nL\u00e0 o\u00f9 l\u2019on apprend le buum\u00f9nt\u00f9<sup> 3<\/sup>   c\u2019est-\u00e0-dire l\u2019art d\u2019\u00eatre avec les autres et avec soi<br \/>\nLe buum\u00f9nt\u00f9 ou ubuntu c\u2019est l\u2019art d\u2019\u00eatre un muntu     porteur du souffle de Dieu<\/p>\n<p class=\"K-Texte-Note K-Texte\"><sup>2 <\/sup> \u00ab\u00a0M\u00e8re de Kabuta\u00a0\u00bb. En Afrique subsaharienne, la m\u00e8re est g\u00e9n\u00e9ralement appel\u00e9e d\u2019apr\u00e8s son 1er enfant.<br \/>\n<sup>3 <\/sup>\u00c9quivalent de ubuntu, en cilub\u00e0 (langue de la RDC). <\/p>\n","protected":false},"excerpt":{"rendered":"<p>Testament d\u2019une m\u00e8re (Extrait) Retour au Lukasa Ma m\u00e8re r\u00e9pudi\u00e9e a d\u00fb me laisser \u00e0 mon p\u00e8re J\u2019avais quatre mois J\u2019avais encore soif de lait maternel Elle s\u2019appelait Ndaay\u00e0 Mw\u00e2Kabuta 2 et lui Kambal\u00e0 Ambroise Je l\u2019ai rencontr\u00e9e \u00e0 quelques reprises Elle a v\u00e9cu jusqu\u2019en 1991 En r\u00e9alit\u00e9 elle ne m\u2019a jamais quitt\u00e9 Car sa &hellip; <\/p>\n<p class=\"link-more\"><a href=\"https:\/\/www.landrea.net\/index.php\/ressource-01\/\" class=\"more-link\">Continuer la lecture<span class=\"screen-reader-text\"> de &laquo;&nbsp;Testament d&rsquo;une m\u00e8re&nbsp;&raquo;<\/span><\/a><\/p>\n","protected":false},"author":1,"featured_media":0,"parent":0,"menu_order":0,"comment_status":"closed","ping_status":"closed","template":"","meta":{"spay_email":"","footnotes":""},"class_list":["post-1090","page","type-page","status-publish","hentry"],"_links":{"self":[{"href":"https:\/\/www.landrea.net\/index.php\/wp-json\/wp\/v2\/pages\/1090","targetHints":{"allow":["GET"]}}],"collection":[{"href":"https:\/\/www.landrea.net\/index.php\/wp-json\/wp\/v2\/pages"}],"about":[{"href":"https:\/\/www.landrea.net\/index.php\/wp-json\/wp\/v2\/types\/page"}],"author":[{"embeddable":true,"href":"https:\/\/www.landrea.net\/index.php\/wp-json\/wp\/v2\/users\/1"}],"replies":[{"embeddable":true,"href":"https:\/\/www.landrea.net\/index.php\/wp-json\/wp\/v2\/comments?post=1090"}],"version-history":[{"count":39,"href":"https:\/\/www.landrea.net\/index.php\/wp-json\/wp\/v2\/pages\/1090\/revisions"}],"predecessor-version":[{"id":1379,"href":"https:\/\/www.landrea.net\/index.php\/wp-json\/wp\/v2\/pages\/1090\/revisions\/1379"}],"wp:attachment":[{"href":"https:\/\/www.landrea.net\/index.php\/wp-json\/wp\/v2\/media?parent=1090"}],"curies":[{"name":"wp","href":"https:\/\/api.w.org\/{rel}","templated":true}]}}